{"id":98,"date":"2016-11-03T16:56:31","date_gmt":"2016-11-03T20:56:31","guid":{"rendered":"http:\/\/umaipur.uprrp.edu\/wp\/?page_id=98"},"modified":"2022-07-13T14:22:27","modified_gmt":"2022-07-13T18:22:27","slug":"catalogo-latindex-pr","status":"publish","type":"page","link":"https:\/\/umaipur.uprrp.edu\/index.php\/catalogo-latindex-pr\/","title":{"rendered":"Indicadores de visibilidad y calidad editorial"},"content":{"rendered":"<p style=\"text-align: justify;\">En esta secci\u00f3n se muestran varios indicadores representativos de la calidad editorial y la visibilidad e impacto de revistas editadas por la Universidad de Puerto Rico, incluidas en el Cat\u00e1logo V.0.1 de Latindex (revistas que cumplen el 75% de <a href=\"http:\/\/latindex.unam.mx\/latindex\/editImpresas\">los criterios de calidad editorial que tiene el sistema)<\/a>.<\/p>\n<p style=\"text-align: justify;\">Es importante se\u00f1alar, que el Cat\u00e1logo no fue creado como un instrumento de evaluaci\u00f3n propiamente dicho, sino como un servicio de referencia especializado en las caracter\u00edsticas relevantes de cada revista. Los indicadores que se muestran tienen como objetivo brindar a autores y editores m\u00e1s elementos de juicio para valorar la publicaciones.<\/p>\n<hr \/>\n<h4 style=\"text-align: center;\"><strong>INDICADORES (2019-2020)<\/strong><\/h4>\n<hr \/>\n<p style=\"text-align: justify;\"><strong>Caracter\u00edsticas editoriales cumplidas<\/strong>: Latindex utiliza lo que denomina caracter\u00edsticas editoriales para clasificar las revistas (33 caracter\u00edsticas para las impresas y 36 para las electr\u00f3nicas). La tabla muestra el total de caracter\u00edsticas cumplidas para las revistas editadas en Puerto Rico, que se encuentran en el cat\u00e1logo. <strong>Nota de actualizaci\u00f3n<\/strong> <strong>(marzo de 2018)<\/strong>: Latindex ha publicado una versi\u00f3n revisada de su lista de caracter\u00edsticas editoriales, por lo que este indicador est\u00e1 en revisi\u00f3n.<\/p>\n<p style=\"text-align: justify;\"><strong>\u00cdndice Compuesto de Difusi\u00f3n Secundaria (ICDS)<\/strong>: El ICDS se incluye en la base de datos de la <a href=\"http:\/\/miar.ub.edu\/\">Matriz de Informaci\u00f3n y An\u00e1lisis de Revistas<\/a> (MIAR), un servicio creado por la Facultat de Biblioteconomia i Documentaci\u00f3 en la Universitat de Barcelona. Se define como: &#8220;un indicador que muestra la visibilidad de la revista en diferentes bases de datos cient\u00edficas de alcance internacional, o en su defecto en repertorios de evaluaci\u00f3n de publicaciones peri\u00f3dicas. Un ICDS elevado significa que la revista est\u00e1 presente en diferentes fuentes de informaci\u00f3n de relevancia internacional.&#8221; (<a href=\"http:\/\/miar.ub.edu\/about-icds\">m\u00e1s informaci\u00f3n<\/a>). El ICDS dej\u00f3 de publicarse en 2021.<\/p>\n<p style=\"text-align: justify;\"><strong>\u00cdndice de Cumplimiento de Frecuencia (IcF)<\/strong>: Este indicador se toma para representar el cumplimiento de la revista con la frecuencia de publicaci\u00f3n que declara. Se calcula como el cociente de la frecuencia de publicaci\u00f3n lograda entre la frecuencia de publicaci\u00f3n esperada. Una revista con frecuencia bianual, se espera que publique dos n\u00fameros en un a\u00f1o; si los publica, su \u00edndice de cumplimiento ser\u00e1 igual a 1 (\u00f3ptimo).<\/p>\n<p style=\"text-align: justify;\"><strong>\u00cdndice h &#8211; Google Scholar<\/strong> <strong>(IhGS)<\/strong>:\u00a0 Google Scholar Metrics calcula el \u00edndice h y otros indicadores de revistas que cumplen con sus <a title=\"Recomendaciones para incluir revistas en Google Scholar\" href=\"https:\/\/scholar.google.es\/intl\/es\/scholar\/inclusion.html\" target=\"_blank\" rel=\"noopener\">criterios de inclusi\u00f3n<\/a> y hayan publicado al menos 100 art\u00edculos en un per\u00edodo de cinco a\u00f1os (2011-2015). Para obtener estos indicadores se utiliza <a title=\"Anne-Wil Harzing - Publish or Perish\" href=\"http:\/\/www.harzing.com\/resources\/publish-or-perish\" target=\"_blank\" rel=\"noopener\">el programa Publish or Perish (PoP versi\u00f3n 5)<\/a>.<\/p>\n<p><strong>OAS Espectro de Acceso Abierto<\/strong> (Open Access Spectrum): Es un indicador del grado de apertura que la revista tiene para sus contenidos. Se calcula utilizando <a href=\"https:\/\/www.accesoabierto.net\/howopenisit\/\">la herramienta HowOpenIsIt?<\/a> del Proyecto Acceso Abierto de la Universidad de Barcelona que se basa, a su vez, en <a href=\"https:\/\/www.plos.org\/how-open-is-it\">la gu\u00eda elaborada por Public Library of Science (PLoS)<\/a>.<\/p>\n<hr \/>\n<p style=\"text-align: center;\"><strong>Indicadores para revistas puertorrique\u00f1as en el Cat\u00e1logo de Latindex<br \/>\n<\/strong>(Trabajo en desarrollo. \u00daltima actualizaci\u00f3n: febrero 2020)<\/p>\n<hr \/>\n\n<table id=\"tablepress-4\" class=\"tablepress tablepress-id-4\">\n<thead>\n<tr class=\"row-1\">\n\t<th class=\"column-1\">T\u00edtulo<\/th><th class=\"column-2\">Afiliaci\u00f3n<\/th><th class=\"column-3\">A\u00f1os de Publicaci\u00f3n<\/th><th class=\"column-4\">Caracter\u00edsticas editoriales cumplidas<\/th><th class=\"column-5\">ICDS 2019 (MIAR)<\/th><th class=\"column-6\">\u00cdndice h (Google Scholar Metrics) <\/th><th class=\"column-7\">\u00cdndice de Cumplimiento de Frecuencia (2009-2018)<\/th><th class=\"column-8\">\u00cdndice de Cumplimiento de Formato Digital<\/th><th class=\"column-9\">OAS<br \/>\n(Open Access Spectrum)<\/th>\n<\/tr>\n<\/thead>\n<tbody class=\"row-striping row-hover\">\n<tr class=\"row-2\">\n\t<td class=\"column-1\">Alborada<\/td><td class=\"column-2\">Universidad de Puerto Rico, Recinto de Utuado<\/td><td class=\"column-3\">17<\/td><td class=\"column-4\">25<\/td><td class=\"column-5\">3.7<\/td><td class=\"column-6\">1<\/td><td class=\"column-7\">1<\/td><td class=\"column-8\">4<\/td><td class=\"column-9\">50.0<\/td>\n<\/tr>\n<tr class=\"row-3\">\n\t<td class=\"column-1\">Atenea<br \/>\n<\/td><td class=\"column-2\">Universidad de Puerto Rico, Recinto de Mayag\u00fcez<\/td><td class=\"column-3\">59<\/td><td class=\"column-4\">13<\/td><td class=\"column-5\">6.5<\/td><td class=\"column-6\">5<\/td><td class=\"column-7\">0.7<\/td><td class=\"column-8\">0<\/td><td class=\"column-9\">33.3<\/td>\n<\/tr>\n<tr class=\"row-4\">\n\t<td class=\"column-1\">An\u00e1lisis (San Juan)<br \/>\n<\/td><td class=\"column-2\">Universidad de Puerto Rico, Recinto de R\u00edo Piedras <\/td><td class=\"column-3\">20<\/td><td class=\"column-4\">31<\/td><td class=\"column-5\">3.8<\/td><td class=\"column-6\">2<\/td><td class=\"column-7\">0.8<\/td><td class=\"column-8\">5<\/td><td class=\"column-9\">75.0<\/td>\n<\/tr>\n<tr class=\"row-5\">\n\t<td class=\"column-1\">Caribbean Journal of Science<br \/>\n<\/td><td class=\"column-2\">Universidad de Puerto Rico, Recinto de R\u00edo Piedras<\/td><td class=\"column-3\">58<\/td><td class=\"column-4\">23<\/td><td class=\"column-5\">11<\/td><td class=\"column-6\">33<\/td><td class=\"column-7\">1<\/td><td class=\"column-8\">3<\/td><td class=\"column-9\">0<\/td>\n<\/tr>\n<tr class=\"row-6\">\n\t<td class=\"column-1\">Caribbean Studies<br \/>\n<\/td><td class=\"column-2\">Universidad de Puerto Rico, Recinto de R\u00edo Piedras<\/td><td class=\"column-3\">58<\/td><td class=\"column-4\">27<\/td><td class=\"column-5\">6.5<\/td><td class=\"column-6\">10<\/td><td class=\"column-7\">1<\/td><td class=\"column-8\">5<\/td><td class=\"column-9\">0<\/td>\n<\/tr>\n<tr class=\"row-7\">\n\t<td class=\"column-1\">Ceiba<br \/>\n<\/td><td class=\"column-2\">Universidad de Puerto Rico, Recinto de Ponce<\/td><td class=\"column-3\">46<\/td><td class=\"column-4\">25<\/td><td class=\"column-5\">4<\/td><td class=\"column-6\">3<\/td><td class=\"column-7\">1<\/td><td class=\"column-8\">5<\/td><td class=\"column-9\">33.3<\/td>\n<\/tr>\n<tr class=\"row-8\">\n\t<td class=\"column-1\">Ceteris Paribus: Revista de Investigaci\u00f3n Socio-econ\u00f3mica<br \/>\n<\/td><td class=\"column-2\">Universidad de Puerto Rico, Recinto de Mayag\u00fcez<\/td><td class=\"column-3\">28<\/td><td class=\"column-4\">26<\/td><td class=\"column-5\">0<\/td><td class=\"column-6\">1<\/td><td class=\"column-7\">0.2<\/td><td class=\"column-8\">3<\/td><td class=\"column-9\">83.3<\/td>\n<\/tr>\n<tr class=\"row-9\">\n\t<td class=\"column-1\">CIDE Digital<br \/>\n<\/td><td class=\"column-2\">Universidad de Puerto Rico, Recinto de Ciencias M\u00e9dicas <\/td><td class=\"column-3\">10<\/td><td class=\"column-4\">22<\/td><td class=\"column-5\">0<\/td><td class=\"column-6\">4<\/td><td class=\"column-7\">0.8<\/td><td class=\"column-8\">3<\/td><td class=\"column-9\">79.2<\/td>\n<\/tr>\n<tr class=\"row-10\">\n\t<td class=\"column-1\">Crisolenguas <br \/>\n<\/td><td class=\"column-2\">Universidad de Puerto Rico, Recinto de R\u00edo Piedras<\/td><td class=\"column-3\">11<\/td><td class=\"column-4\">18<\/td><td class=\"column-5\">4<\/td><td class=\"column-6\">10<\/td><td class=\"column-7\">0.3<\/td><td class=\"column-8\">1<\/td><td class=\"column-9\">83.3<\/td>\n<\/tr>\n<tr class=\"row-11\">\n\t<td class=\"column-1\">Cuadernos de Investigaci\u00f3n Hist\u00f3rica<br \/>\n<\/td><td class=\"column-2\">Universidad de Puerto Rico, Recinto de R\u00edo Piedras<\/td><td class=\"column-3\">25<\/td><td class=\"column-4\">6<\/td><td class=\"column-5\">0<\/td><td class=\"column-6\">1<\/td><td class=\"column-7\">0.5<\/td><td class=\"column-8\">1<\/td><td class=\"column-9\">0<\/td>\n<\/tr>\n<tr class=\"row-12\">\n\t<td class=\"column-1\">Di\u00e1logos <br \/>\n<\/td><td class=\"column-2\">Universidad de Puerto Rico, Recinto de R\u00edo Piedras<\/td><td class=\"column-3\">55<\/td><td class=\"column-4\">28<\/td><td class=\"column-5\">6.5<\/td><td class=\"column-6\">5<\/td><td class=\"column-7\">0.5<\/td><td class=\"column-8\">5<\/td><td class=\"column-9\">62.5<\/td>\n<\/tr>\n<tr class=\"row-13\">\n\t<td class=\"column-1\">El Amauta<br \/>\n<\/td><td class=\"column-2\">Universidad de Puerto Rico, Recinto de R\u00edo Piedras <\/td><td class=\"column-3\">16<\/td><td class=\"column-4\">22<\/td><td class=\"column-5\">3.7<\/td><td class=\"column-6\">7<\/td><td class=\"column-7\">0.7<\/td><td class=\"column-8\">1<\/td><td class=\"column-9\">33.3<\/td>\n<\/tr>\n<tr class=\"row-14\">\n\t<td class=\"column-1\">Ex\u00e9gesis<br \/>\n<\/td><td class=\"column-2\">Universidad de Puerto Rico, Recinto de Humacao<\/td><td class=\"column-3\">33<\/td><td class=\"column-4\">9<\/td><td class=\"column-5\">4.5<\/td><td class=\"column-6\">0<\/td><td class=\"column-7\">0<\/td><td class=\"column-8\">0<\/td><td class=\"column-9\">0<\/td>\n<\/tr>\n<tr class=\"row-15\">\n\t<td class=\"column-1\">Forum<\/td><td class=\"column-2\">Universidad de Puerto Rico, Recinto de Arecibo<\/td><td class=\"column-3\">37<\/td><td class=\"column-4\">27<\/td><td class=\"column-5\">4<\/td><td class=\"column-6\">1<\/td><td class=\"column-7\">0.8<\/td><td class=\"column-8\">4<\/td><td class=\"column-9\">50.0<\/td>\n<\/tr>\n<tr class=\"row-16\">\n\t<td class=\"column-1\">Forum Empresarial <br \/>\n<\/td><td class=\"column-2\">Universidad de Puerto Rico, Recinto de R\u00edo Piedras<\/td><td class=\"column-3\">23<\/td><td class=\"column-4\">36<\/td><td class=\"column-5\">6.4<\/td><td class=\"column-6\">9<\/td><td class=\"column-7\">1<\/td><td class=\"column-8\">6<\/td><td class=\"column-9\">79.2<\/td>\n<\/tr>\n<tr class=\"row-17\">\n\t<td class=\"column-1\">informa<br \/>\n<\/td><td class=\"column-2\">Universidad de Puerto Rico, Recinto de R\u00edo Piedras<\/td><td class=\"column-3\">18<\/td><td class=\"column-4\">26<\/td><td class=\"column-5\">0<\/td><td class=\"column-6\">1<\/td><td class=\"column-7\">0.3<\/td><td class=\"column-8\">5<\/td><td class=\"column-9\">29.2<\/td>\n<\/tr>\n<tr class=\"row-18\">\n\t<td class=\"column-1\">Journal of Agriculture of the University of Puerto Rico<br \/>\n<\/td><td class=\"column-2\">Universidad de Puerto Rico, Recinto de Mayag\u00fcez<\/td><td class=\"column-3\">102<\/td><td class=\"column-4\">23<\/td><td class=\"column-5\">10<\/td><td class=\"column-6\">22<\/td><td class=\"column-7\">1<\/td><td class=\"column-8\">5<\/td><td class=\"column-9\">33.3<\/td>\n<\/tr>\n<tr class=\"row-19\">\n\t<td class=\"column-1\">Milenio: Revista de artes y ciencias<br \/>\n<\/td><td class=\"column-2\">Universidad de Puerto Rico, Recinto de Bayam\u00f3n<\/td><td class=\"column-3\">22<\/td><td class=\"column-4\">20<\/td><td class=\"column-5\">3.8<\/td><td class=\"column-6\">2<\/td><td class=\"column-7\">0.6<\/td><td class=\"column-8\">4<\/td><td class=\"column-9\">33.3<\/td>\n<\/tr>\n<tr class=\"row-20\">\n\t<td class=\"column-1\">Op. Cit.<br \/>\n<\/td><td class=\"column-2\">Universidad de Puerto Rico, Recinto de R\u00edo Piedras<\/td><td class=\"column-3\">34<\/td><td class=\"column-4\">22<\/td><td class=\"column-5\">4.5<\/td><td class=\"column-6\">4<\/td><td class=\"column-7\">0.7<\/td><td class=\"column-8\">4<\/td><td class=\"column-9\">33.3<\/td>\n<\/tr>\n<tr class=\"row-21\">\n\t<td class=\"column-1\">Plerus<br \/>\n<\/td><td class=\"column-2\">Universidad de Puerto Rico, Recinto de R\u00edo Piedras<\/td><td class=\"column-3\">52<\/td><td class=\"column-4\">17<\/td><td class=\"column-5\">0<\/td><td class=\"column-6\">2<\/td><td class=\"column-7\">0.1<\/td><td class=\"column-8\">4<\/td><td class=\"column-9\">45.8<\/td>\n<\/tr>\n<tr class=\"row-22\">\n\t<td class=\"column-1\">Puerto Rico Health Sciences Journal <br \/>\n<\/td><td class=\"column-2\">Universidad de Puerto Rico, Recinto de Ciencias M\u00e9dicas<\/td><td class=\"column-3\">37<\/td><td class=\"column-4\">27<\/td><td class=\"column-5\">11<\/td><td class=\"column-6\">25<\/td><td class=\"column-7\">1<\/td><td class=\"column-8\">3<\/td><td class=\"column-9\">83.3<\/td>\n<\/tr>\n<tr class=\"row-23\">\n\t<td class=\"column-1\">REduca. Revista de Educaci\u00f3n de Puerto Rico<br \/>\n<\/td><td class=\"column-2\">Universidad de Puerto Rico, Recinto de R\u00edo Piedras<\/td><td class=\"column-3\">26<\/td><td class=\"column-4\">31<\/td><td class=\"column-5\">3.9<\/td><td class=\"column-6\">9<\/td><td class=\"column-7\">1<\/td><td class=\"column-8\">6<\/td><td class=\"column-9\">95.8<\/td>\n<\/tr>\n<tr class=\"row-24\">\n\t<td class=\"column-1\">Revista Cayey<br \/>\n<\/td><td class=\"column-2\">Universidad de Puerto Rico, Recinto de Cayey<\/td><td class=\"column-3\">51<\/td><td class=\"column-4\">23<\/td><td class=\"column-5\">4<\/td><td class=\"column-6\">1<\/td><td class=\"column-7\">1<\/td><td class=\"column-8\">3<\/td><td class=\"column-9\">62.5<\/td>\n<\/tr>\n<tr class=\"row-25\">\n\t<td class=\"column-1\">Revista de Administraci\u00f3n P\u00fablica<br \/>\n<\/td><td class=\"column-2\">Universidad de Puerto Rico, Recinto de R\u00edo Piedras<\/td><td class=\"column-3\">55<\/td><td class=\"column-4\">30<\/td><td class=\"column-5\">4<\/td><td class=\"column-6\">5<\/td><td class=\"column-7\">0.7<\/td><td class=\"column-8\">4<\/td><td class=\"column-9\">75.0<\/td>\n<\/tr>\n<tr class=\"row-26\">\n\t<td class=\"column-1\">Revista de Ciencias Sociales <br \/>\n<\/td><td class=\"column-2\">Universidad de Puerto Rico, Recinto de R\u00edo Piedras<\/td><td class=\"column-3\">62<\/td><td class=\"column-4\">28<\/td><td class=\"column-5\">6.5<\/td><td class=\"column-6\">10<\/td><td class=\"column-7\">1<\/td><td class=\"column-8\">3<\/td><td class=\"column-9\">33.3<\/td>\n<\/tr>\n<tr class=\"row-27\">\n\t<td class=\"column-1\">Revista de Estudios Hisp\u00e1nicos<br \/>\n<\/td><td class=\"column-2\">Universidad de Puerto Rico, Recinto de R\u00edo Piedras<\/td><td class=\"column-3\">48<\/td><td class=\"column-4\">21<\/td><td class=\"column-5\">6.5<\/td><td class=\"column-6\">9<\/td><td class=\"column-7\">0.8<\/td><td class=\"column-8\">4<\/td><td class=\"column-9\">20.8<\/td>\n<\/tr>\n<tr class=\"row-28\">\n\t<td class=\"column-1\">Revista Griot<br \/>\n<\/td><td class=\"column-2\">Universidad de Puerto Rico, Recinto de R\u00edo Piedras<\/td><td class=\"column-3\">12<\/td><td class=\"column-4\">37<\/td><td class=\"column-5\">4.1<\/td><td class=\"column-6\">5<\/td><td class=\"column-7\">1<\/td><td class=\"column-8\">7<\/td><td class=\"column-9\">75.0<\/td>\n<\/tr>\n<tr class=\"row-29\">\n\t<td class=\"column-1\">Revista [IN]Genios<br \/>\n<\/td><td class=\"column-2\">Universidad de Puerto Rico, Recinto de R\u00edo Piedras<\/td><td class=\"column-3\">5<\/td><td class=\"column-4\">29<\/td><td class=\"column-5\">0<\/td><td class=\"column-6\">2<\/td><td class=\"column-7\">1<\/td><td class=\"column-8\">4<\/td><td class=\"column-9\">45.8<\/td>\n<\/tr>\n<tr class=\"row-30\">\n\t<td class=\"column-1\">Revista internacional de desastres naturales, accidentes e infraestructura civil<br \/>\n<\/td><td class=\"column-2\">Universidad de Puerto Rico, Recinto de Mayag\u00fcez<\/td><td class=\"column-3\">18<\/td><td class=\"column-4\">27<\/td><td class=\"column-5\">4.3<\/td><td class=\"column-6\">4<\/td><td class=\"column-7\">0.8<\/td><td class=\"column-8\">4<\/td><td class=\"column-9\">50.0<\/td>\n<\/tr>\n<tr class=\"row-31\">\n\t<td class=\"column-1\">Revista Jur\u00eddica Universidad de Puerto Rico<br \/>\n<\/td><td class=\"column-2\">Universidad de Puerto Rico, Recinto de R\u00edo Piedras<\/td><td class=\"column-3\">87<\/td><td class=\"column-4\">21<\/td><td class=\"column-5\">6.5<\/td><td class=\"column-6\">2<\/td><td class=\"column-7\">1<\/td><td class=\"column-8\">3<\/td><td class=\"column-9\">12.5<\/td>\n<\/tr>\n<tr class=\"row-32\">\n\t<td class=\"column-1\">Revista Psicologia(s)<br \/>\n<\/td><td class=\"column-2\">Universidad de Puerto Rico, Recinto de R\u00edo Piedras<\/td><td class=\"column-3\">10<\/td><td class=\"column-4\">27<\/td><td class=\"column-5\">0<\/td><td class=\"column-6\">2<\/td><td class=\"column-7\">1<\/td><td class=\"column-8\">4<\/td><td class=\"column-9\">45.8<\/td>\n<\/tr>\n<tr class=\"row-33\">\n\t<td class=\"column-1\">Revista Umbral<br \/>\n<\/td><td class=\"column-2\">Universidad de Puerto Rico, Recinto de R\u00edo Piedras<\/td><td class=\"column-3\">10<\/td><td class=\"column-4\">26<\/td><td class=\"column-5\">4<\/td><td class=\"column-6\">5<\/td><td class=\"column-7\">1<\/td><td class=\"column-8\">4<\/td><td class=\"column-9\">45.8<\/td>\n<\/tr>\n<tr class=\"row-34\">\n\t<td class=\"column-1\">Sargasso<br \/>\n<\/td><td class=\"column-2\">Universidad de Puerto Rico, Recinto de R\u00edo Piedras<\/td><td class=\"column-3\">35<\/td><td class=\"column-4\">31<\/td><td class=\"column-5\">6.5<\/td><td class=\"column-6\">1<\/td><td class=\"column-7\">1<\/td><td class=\"column-8\">4<\/td><td class=\"column-9\">33.3<\/td>\n<\/tr>\n<tr class=\"row-35\">\n\t<td class=\"column-1\">Tonguas: Revista de artes literarias y expresi\u00f3n estudiantil de la Universidad de Puerto Rico<br \/>\n<\/td><td class=\"column-2\">Universidad de Puerto Rico, Recinto de R\u00edo Piedras<\/td><td class=\"column-3\">18<\/td><td class=\"column-4\">15<\/td><td class=\"column-5\">0<\/td><td class=\"column-6\">1<\/td><td class=\"column-7\">0.9<\/td><td class=\"column-8\">3<\/td><td class=\"column-9\">50.0<\/td>\n<\/tr>\n<tr class=\"row-36\">\n\t<td class=\"column-1\">Visi\u00f3n Doble<br \/>\n<\/td><td class=\"column-2\">Universidad de Puerto Rico, Recinto de R\u00edo Piedras<\/td><td class=\"column-3\">6<\/td><td class=\"column-4\">28<\/td><td class=\"column-5\">3.3<\/td><td class=\"column-6\">5<\/td><td class=\"column-7\">1<\/td><td class=\"column-8\">4<\/td><td class=\"column-9\">45.8<\/td>\n<\/tr>\n<\/tbody>\n<\/table>\n<!-- #tablepress-4 from cache --><hr \/>\n","protected":false},"excerpt":{"rendered":"<p>En esta secci\u00f3n se muestran varios indicadores representativos de la calidad editorial y la visibilidad e impacto de revistas editadas por la Universidad de Puerto Rico, incluidas en el Cat\u00e1logo V.0.1 de Latindex (revistas que cumplen el 75% de los criterios de calidad editorial que tiene el sistema). Es importante se\u00f1alar, que el Cat\u00e1logo no<\/p>\n<div class=\"read-more\"><a href=\"https:\/\/umaipur.uprrp.edu\/index.php\/catalogo-latindex-pr\/\" title=\"Read More\">Read More<\/a><\/div>\n","protected":false},"author":3,"featured_media":0,"parent":0,"menu_order":0,"comment_status":"closed","ping_status":"closed","template":"page-blocks.php","meta":{"footnotes":""},"class_list":["post-98","page","type-page","status-publish"],"_links":{"self":[{"href":"https:\/\/umaipur.uprrp.edu\/index.php\/wp-json\/wp\/v2\/pages\/98","targetHints":{"allow":["GET"]}}],"collection":[{"href":"https:\/\/umaipur.uprrp.edu\/index.php\/wp-json\/wp\/v2\/pages"}],"about":[{"href":"https:\/\/umaipur.uprrp.edu\/index.php\/wp-json\/wp\/v2\/types\/page"}],"author":[{"embeddable":true,"href":"https:\/\/umaipur.uprrp.edu\/index.php\/wp-json\/wp\/v2\/users\/3"}],"replies":[{"embeddable":true,"href":"https:\/\/umaipur.uprrp.edu\/index.php\/wp-json\/wp\/v2\/comments?post=98"}],"version-history":[{"count":98,"href":"https:\/\/umaipur.uprrp.edu\/index.php\/wp-json\/wp\/v2\/pages\/98\/revisions"}],"predecessor-version":[{"id":1822,"href":"https:\/\/umaipur.uprrp.edu\/index.php\/wp-json\/wp\/v2\/pages\/98\/revisions\/1822"}],"wp:attachment":[{"href":"https:\/\/umaipur.uprrp.edu\/index.php\/wp-json\/wp\/v2\/media?parent=98"}],"curies":[{"name":"wp","href":"https:\/\/api.w.org\/{rel}","templated":true}]}}