{"id":82,"date":"2016-11-02T14:50:01","date_gmt":"2016-11-02T14:50:01","guid":{"rendered":"http:\/\/umaipur.uprrp.edu\/wp\/?page_id=82"},"modified":"2017-07-06T08:39:34","modified_gmt":"2017-07-06T12:39:34","slug":"visibilidad-e-impacto","status":"publish","type":"page","link":"https:\/\/umaipur.uprrp.edu\/index.php\/visibilidad-e-impacto\/","title":{"rendered":"Visibilidad e Impacto"},"content":{"rendered":"<p><em><strong>En Desarrollo<\/strong><\/em><\/p>\n<hr \/>\n<p>La secci\u00f3n abordar\u00e1 diferentes aspectos relacionados con la visibilidad y el impacto de las revistas cient\u00edficas, con \u00e9nfasis en las revistas electr\u00f3nicas, as\u00ed como experiencias, recursos y estrategias, discusiones y resultados de estudios de alcance local e internacional.<\/p>\n<p>Ejemplos de estudios locales:<\/p>\n<ol>\n<li>Maura, M. (2000). Aplicaci\u00f3n de indicadores bibliom\u00e9tricos a un \u00edndice de citas de las revistas de humanidades. Acceso, 2 (2): 1-18.<\/li>\n<li>Maura, M. (2001). Evaluaci\u00f3n de las revistas publicadas por la Universidad de Puerto Rico mediante la aplicaci\u00f3n de las normas ISO. Acceso, 3 (1): 29-60.<\/li>\n<li>Maura, S. M., &amp; Santana, R. R. M. (January 01, 2002). El estado de las revistas academicas y profesionales de Puerto Rico: Una evaluacion exploratoria. Acceso : Revista Puertorrique\u00f1a De Bibliotecologia y Documentacion (Puerto Rico), 4, 19-32.<\/li>\n<\/ol>\n","protected":false},"excerpt":{"rendered":"<p>En Desarrollo La secci\u00f3n abordar\u00e1 diferentes aspectos relacionados con la visibilidad y el impacto de las revistas cient\u00edficas, con \u00e9nfasis en las revistas electr\u00f3nicas, as\u00ed como experiencias, recursos y estrategias, discusiones y resultados de estudios de alcance local e internacional. Ejemplos de estudios locales: Maura, M. (2000). Aplicaci\u00f3n de indicadores bibliom\u00e9tricos a un \u00edndice de<\/p>\n<div class=\"read-more\"><a href=\"https:\/\/umaipur.uprrp.edu\/index.php\/visibilidad-e-impacto\/\" title=\"Read More\">Read More<\/a><\/div>\n","protected":false},"author":3,"featured_media":0,"parent":0,"menu_order":0,"comment_status":"closed","ping_status":"closed","template":"","meta":{"footnotes":""},"class_list":["post-82","page","type-page","status-publish"],"_links":{"self":[{"href":"https:\/\/umaipur.uprrp.edu\/index.php\/wp-json\/wp\/v2\/pages\/82","targetHints":{"allow":["GET"]}}],"collection":[{"href":"https:\/\/umaipur.uprrp.edu\/index.php\/wp-json\/wp\/v2\/pages"}],"about":[{"href":"https:\/\/umaipur.uprrp.edu\/index.php\/wp-json\/wp\/v2\/types\/page"}],"author":[{"embeddable":true,"href":"https:\/\/umaipur.uprrp.edu\/index.php\/wp-json\/wp\/v2\/users\/3"}],"replies":[{"embeddable":true,"href":"https:\/\/umaipur.uprrp.edu\/index.php\/wp-json\/wp\/v2\/comments?post=82"}],"version-history":[{"count":1,"href":"https:\/\/umaipur.uprrp.edu\/index.php\/wp-json\/wp\/v2\/pages\/82\/revisions"}],"predecessor-version":[{"id":84,"href":"https:\/\/umaipur.uprrp.edu\/index.php\/wp-json\/wp\/v2\/pages\/82\/revisions\/84"}],"wp:attachment":[{"href":"https:\/\/umaipur.uprrp.edu\/index.php\/wp-json\/wp\/v2\/media?parent=82"}],"curies":[{"name":"wp","href":"https:\/\/api.w.org\/{rel}","templated":true}]}}