{"id":664,"date":"2018-05-09T09:35:11","date_gmt":"2018-05-09T13:35:11","guid":{"rendered":"http:\/\/umaipur.uprrp.edu\/?page_id=664"},"modified":"2018-05-10T11:40:54","modified_gmt":"2018-05-10T15:40:54","slug":"rankings-internacionales","status":"publish","type":"page","link":"https:\/\/umaipur.uprrp.edu\/index.php\/indicadores-upr\/rankings-internacionales\/","title":{"rendered":"Rankings internacionales"},"content":{"rendered":"<p>A continuaci\u00f3n se muestran los datos disponibles en una selecci\u00f3n de los principales rankings de universidades. Se incluye adem\u00e1s, el promedio de instituciones evaluadas por cada ranking para un a\u00f1o en particular y la colaboraci\u00f3n de la Universidad de Puerto Rico con las diez primeras instituciones de cada ranking. El prop\u00f3sito es uno de car\u00e1cter ilustrativo y se recomienda acceder a las p\u00e1ginas de los rankings para obtener mayor informaci\u00f3n sobre \u00e9stos.<\/p>\n<blockquote><p><img loading=\"lazy\" decoding=\"async\" class=\"alignleft wp-image-197\" src=\"https:\/\/umaipur.uprrp.edu\/wp-content\/uploads\/2016\/11\/warning-28-xxl-150x150.png\" alt=\"Atenci\u00f3n\" width=\"58\" height=\"61\" \/>Para la lectura de los gr\u00e1ficos tome en cuenta que al mover el cursor sobre los mismos podr\u00e1 ver los valores de datos e indicadores calculados.\u00a0<em>To read the graphs take into account that by moving the cursor over them you can see the values of the calculated data and indicators.<\/em><\/p>\n<p>&nbsp;<\/p>\n<style type=\"text\/css\">#wonderplugintabs-4 > .wonderplugintabs-header-wrap { \tbox-sizing: border-box; \tdisplay: block; \tposition: relative; \twidth: 100%;\t \tz-index: 1; \tmargin-top: -1px; }  #wonderplugintabs-4 > .wonderplugintabs-header-wrap .wonderplugintabs-header-inner-wrap { \tbox-sizing: border-box; \tdisplay: block; \toverflow: hidden;\t }  #wonderplugintabs-4 > .wonderplugintabs-header-wrap .wonderplugintabs-header-ul { \tbox-sizing: border-box; \tdisplay: block; \tposition: relative; \tlist-style: none; \twhite-space: nowrap; \tmargin: 0; \tpadding: 0; }  #wonderplugintabs-4 > .wonderplugintabs-header-wrap .wonderplugintabs-header-li { \tbox-sizing: border-box; \tdisplay: inline-block; \tposition: relative; \tmargin: 0 4px 0 0; \tpadding: 0px; \tbackground-color: #f6f6f6; \tborder: 1px solid #ccc; \tborder-top-left-radius: 4px; \tborder-top-right-radius: 4px; }  #wonderplugintabs-4 > .wonderplugintabs-header-wrap .wonderplugintabs-header-caption { \tcursor: pointer; \tpadding: 8px 12px; }  #wonderplugintabs-4 > .wonderplugintabs-header-wrap .wonderplugintabs-header-li-next { \tborder-left: 1px solid #ccc; }  #wonderplugintabs-4 > .wonderplugintabs-header-wrap .wonderplugintabs-header-li:hover { \tbackground-color: #fff; }  #wonderplugintabs-4 > .wonderplugintabs-header-wrap .wonderplugintabs-header-li-active { \tbackground-color: #fff; \tborder-bottom: 1px solid #fff; }  #wonderplugintabs-4 > .wonderplugintabs-header-wrap .wonderplugintabs-header-li-active-last { }  #wonderplugintabs-4 > .wonderplugintabs-header-wrap .wonderplugintabs-header-li-first { }  #wonderplugintabs-4 > .wonderplugintabs-header-wrap .wonderplugintabs-header-li-first-side-arrows { \tmargin-left: 4px; }  #wonderplugintabs-4 > .wonderplugintabs-header-wrap .wonderplugintabs-header-li-last { }  #wonderplugintabs-4 > .wonderplugintabs-header-wrap .wonderplugintabs-header-li-last-side-arrows { }  #wonderplugintabs-4 > .wonderplugintabs-header-wrap .wonderplugintabs-header-prev { \tdisplay: none; \ttext-align: center; \tposition: absolute; \ttop: 0; \tleft: 0; \tcursor: pointer; \tbackground-color: #f6f6f6; \tborder: 1px solid #ccc; \tborder-top-left-radius: 4px; }  #wonderplugintabs-4 > .wonderplugintabs-header-wrap .wonderplugintabs-header-prev:before {    position: relative;    top: 50%;    margin-top: -8px;    font-family: FontAwesome;    font-size: 16px;    display: block;    color: #666; }  #wonderplugintabs-4 > .wonderplugintabs-header-wrap .wonderplugintabs-header-prev:hover { \tbackground-color: #fff;\t }  #wonderplugintabs-4 > .wonderplugintabs-header-wrap .wonderplugintabs-header-next { \tdisplay: none; \ttext-align: center; \tposition: absolute; \ttop: 0; \tright: 0; \tcursor: pointer; \tbackground-color: #f6f6f6; \tborder: 1px solid #ccc; \tborder-top-right-radius: 4px; }  #wonderplugintabs-4 > .wonderplugintabs-header-wrap .wonderplugintabs-header-next:before {    position: relative;    top: 50%;    margin-top: -8px;    font-family: FontAwesome;    font-size: 16px;    display: block;    color: #666; }  #wonderplugintabs-4 > .wonderplugintabs-header-wrap .wonderplugintabs-header-next:hover { \tbackground-color: #fff;\t }  #wonderplugintabs-4 > .wonderplugintabs-header-wrap .wonderplugintabs-header-menu { \tbox-sizing: border-box; \tdisplay: none; \ttext-align: center; \tposition: absolute; \ttop: 0; \tright: 0; \tcursor: pointer; \tbackground-color: #f6f6f6; \tborder: 1px solid #ccc; \tborder-top-left-radius: 4px; \tborder-top-right-radius: 4px; \tpadding: 8px 12px; }  #wonderplugintabs-4 > .wonderplugintabs-header-wrap .wonderplugintabs-header-menu-caption { \tdisplay: table-cell; \tvertical-align: middle; }  #wonderplugintabs-4 > .wonderplugintabs-header-wrap .wonderplugintabs-header-menu-text { \tfont-family: \"Open Sans\", Arial, sans-serif; \tfont-size: 12px; \tfont-weight: 400; \tvertical-align: middle; \tcolor: #333; }  #wonderplugintabs-4 > .wonderplugintabs-header-wrap .wonderplugintabs-header-menu-icon { \tfont-family: FontAwesome; \tfont-size: 14px; \tvertical-align: middle; \tmargin: 8px; \tcolor: #666; }  #wonderplugintabs-4 > .wonderplugintabs-header-wrap .wonderplugintabs-header-menu:hover { \tbackground-color: #fff;\t }  #wonderplugintabs-4 > .wonderplugintabs-header-wrap .wonderplugintabs-header-menu-dropdown { \tdisplay: none; \tposition: absolute; \twhite-space: nowrap; \ttop: 100%; \tright: 0;\t \tborder-left: 1px solid #ccc; \tborder-right: 1px solid #ccc; \tborder-bottom: 1px solid #ccc; \tbox-shadow: 0 6px 12px rgba(0,0,0,.175); }  #wonderplugintabs-4 > .wonderplugintabs-header-wrap .wonderplugintabs-header-menu-dropdown-item { \tpadding: 12px 32px 12px 20px;\t \tcursor: pointer; \ttext-align: left; \tbackground-color: #fff; }  #wonderplugintabs-4 > .wonderplugintabs-header-wrap .wonderplugintabs-header-menu-dropdown-item:hover { \tbackground-color: #f9f9f9;\t }  #wonderplugintabs-4 > .wonderplugintabs-header-wrap .wonderplugintabs-header-icon-fontawesome { \tfont-family: FontAwesome; \tfont-size: 18px; \tvertical-align: middle; \tmargin: 8px; \tcolor: #666; }  #wonderplugintabs-4 > .wonderplugintabs-header-wrap .wonderplugintabs-header-icon-image { \tmargin: 4px; \tvertical-align: middle; }  #wonderplugintabs-4 > .wonderplugintabs-header-wrap .wonderplugintabs-header-title { \tdisplay: inline-block; \tmargin: 4px; \tfont-family: \"Open Sans\", Arial, sans-serif; \tfont-size: 12px; \tfont-weight: 400; \tvertical-align: middle; \tcolor: #333; }  #wonderplugintabs-4 > .wonderplugintabs-header-wrap .wonderplugintabs-header-li-fullwidth { \tdisplay: block; \tmargin: 0; \tborder-bottom: none; \ttext-align: left; }  #wonderplugintabs-4 > .wonderplugintabs-header-wrap .wonderplugintabs-header-li-fullwidth:last-child { \tborder-bottom: 1px solid #ccc; }  #wonderplugintabs-4 > .wonderplugintabs-panel-wrap { \tbox-sizing: border-box; \tposition: relative; \tdisplay: block; \twidth: 100%; \toverflow: hidden; \tborder: 1px solid #ccc; \tbackground-color: #fff;\t \tmargin-top: -1px; }  #wonderplugintabs-4 > .wonderplugintabs-panel-wrap > .wonderplugintabs-panel { \tbox-sizing: border-box; \tdisplay: block; \tvisibility: hidden; \tposition: absolute; \ttop: 0; \tleft: 0; \twidth: 100%; \ttext-align: left; \tpadding: 24px; }  #wonderplugintabs-4 > .wonderplugintabs-panel-wrap > .wonderplugintabs-panel-active { \tposition: relative; }  #wonderplugintabs-4 > .wonderplugintabs-header-wrap .wonderplugintabs-header-ul-fullwidth { \twhite-space: normal; }  #wonderplugintabs-4 > .wonderplugintabs-header-wrap .wonderplugintabs-header-li-fullwidth { \tborder-radius: 0; }  #wonderplugintabs-4 > .wonderplugintabs-header-wrap  .wonderplugintabs-panel { \tpadding: 24px; \ttext-align: left; }  #wonderplugintabs-4 > .wonderplugintabs-header-wrap  .wonderplugintabs-panel-active { \tposition: relative; }  #wonderplugintabs-4 > .wonderplugintabs-header-wrap .wonderplugintabs-header-li-fullwidth .wonderplugintabs-header-caption:after { \tposition:absolute; \tcolor:#333; \ttop: 12px; \tright:8px; \tcontent: \"\\f107\"; \tfont-family: FontAwesome; \tfont-size: 16px; \tfont-weight:400; }  #wonderplugintabs-4 > .wonderplugintabs-header-wrap .wonderplugintabs-header-li-fullwidth.wonderplugintabs-header-li-active .wonderplugintabs-header-caption:after { \tcontent: \"\\f106\"; }<\/style><div id=\"wonderplugintabs-container-4\" style=\"max-width:800px;margin:0 auto;\"><div style=\"display:none;\" class=\"wonderplugintabs\" id=\"wonderplugintabs-4\" data-tabsid=\"4\" data-width=\"800\" data-height=\"400\" data-skin=\"horizontaltoptabs\" data-enabletabindex=\"false\" data-keyaccess=\"false\" data-fullwidthtabs=\"false\" data-accordion=\"false\" data-accordionmultiple=\"false\" data-accordioncloseall=\"false\" data-savestatusincookie=\"false\" data-extendedheight=\"false\" data-responsive=\"true\" data-fullwidth=\"false\" data-applydisplaynonetohiddenpanel=\"true\" data-triggerresize=\"true\" data-triggerresizeonload=\"true\" data-disablewpautop=\"false\" data-hidetitleonsmallscreen=\"false\" data-donotinit=\"false\" data-addinitscript=\"false\" data-fullwidthtabsonsmallscreen=\"true\" data-accordiononsmallscreen=\"true\" data-heightmode=\"auto\" data-minheight=\"300\" data-firstid=\"0\" data-direction=\"horizontal\" data-tabposition=\"top\" data-tabiconposition=\"left\" data-horizontaltabalign=\"left\" data-hidetitleonsmallscreenwidth=\"768\" data-transition=\"\" data-responsivemode=\"menu\" data-tabarrowmode=\"slide\" data-horizontalarrowwidthsameasheight=\"pixels\" data-horizontalarrowwidth=\"32\" data-arrowprevicon=\"fa-angle-left\" data-arrownexticon=\"fa-angle-right\" data-dropdownmenutext=\"More\" data-dropdownmenuicon=\"fa-angle-down\" data-triggerresizetimeout=\"10\" data-triggerresizeonloadtimeout=\"100\" data-fullwidthtabsonsmallscreenwidth=\"480\" data-jsfolder=\"https:\/\/umaipur.uprrp.edu\/wp-content\/plugins\/wonderplugin-tabs\/engine\/\" data-skinsfoldername=\"skins\" ><div class=\"wonderplugintabs-header-wrap\"><div class=\"wonderplugintabs-header-inner-wrap\"><ul class=\"wonderplugintabs-header-ul\"><li class=\"wonderplugintabs-header-li wonderplugintabs-header-li-first\"><div class=\"wonderplugintabs-header-caption\"><div class=\"wonderplugintabs-header-title\">QS Rankings<\/div><\/div><\/li><li class=\"wonderplugintabs-header-li wonderplugintabs-header-li-last\"><div class=\"wonderplugintabs-header-caption\"><div class=\"wonderplugintabs-header-title\">SCImago<\/div><\/div><\/li><\/ul><\/div><\/div><div class=\"wonderplugintabs-panel-wrap\" style=\"min-height:300px;\"><div class=\"wonderplugintabs-panel wonderplugintabs-panel-first\"><div class=\"wonderplugintabs-panel-inner\"><h2 style=\"text-align: center;\"><b>QS World University Rankings<\/b><\/h2>\n<br \/>\n<p style=\"text-align: justify;\">Este ranking producido por Quacquarelli Symonds (QS) una organizaci\u00f3n independiente, fundamenta sus resultados en datos oficiales provistos por fuentes confiables. Mantiene un marco metodol\u00f3gico simple y consistente mediante el cual las universidades son evaluadas de acuerdo a seis indicadores, \u00e9stos son: \"Academic Reputation, Employer Reputation, Faculty\/Student Ratio, Citations per faculty, International Faculty Ratio, International Student Ratio\".<\/p>\n\n<h4><strong>Posici\u00f3n m\u00e1s reciente (2021) de la UPR: <span style=\"color: #ff0000;\">1000+<\/span><\/strong><\/h4>\n<p>QS World Rankings para el 2021 clasific\u00f3 <b><span style=\"color: #7D6608;\">1185<\/span><\/b> universidades a nivel mundial. En el ranking QS latinoam\u00e9rica - universidades, la UPR ocup\u00f3 la posici\u00f3n 37 de un total de 411 universidades evaluadas en el mismo a\u00f1o.<\/p>\n<p>Mayor informaci\u00f3n en URL: <a href=\"https:\/\/www.topuniversities.com\/qs-world-university-rankings\">https:\/\/www.topuniversities.com\/qs-world-university-rankings<\/a><\/p>\n<hr \/>\n<p style=\"text-align: center;\"><b>Fig. 1. Posici\u00f3n de la UPR en el Ranking Mundial QS - universidades<\/b><\/p>\n<p style=\"text-align: center;\"><iframe loading=\"lazy\" width=\"100%\" height=\"470\" src=\"\/\/jsfiddle.net\/senadorbarron\/s0apvok9\/13\/embedded\/result\/\" allowfullscreen=\"allowfullscreen\" allowpaymentrequest frameborder=\"0\"><\/iframe><\/p>\n<br \/>\n<p style=\"text-align: center;\"><b>Fig. 2. Posici\u00f3n de la UPR en el Ranking Latinoamerica QS - universidades<\/b><\/p>\n<p style=\"text-align: center;\"><iframe loading=\"lazy\" width=\"100%\" height=\"470\" src=\"\/\/jsfiddle.net\/senadorbarron\/ofbaLzez\/9\/embedded\/result\/\" allowfullscreen=\"allowfullscreen\" allowpaymentrequest frameborder=\"0\"><\/iframe><\/p><\/div><\/div><div class=\"wonderplugintabs-panel wonderplugintabs-panel-last\"><div class=\"wonderplugintabs-panel-inner\"><h2 style=\"text-align: center;\"><b>SCImago Institutions Rankings<\/b><\/h2><p>\u00a0<\/p><p style=\"text-align: justify;\">SCImago Institutions Rankings (SIR) es una clasificaci\u00f3n de instituciones acad\u00e9micas dedicadas a la investigaci\u00f3n cient\u00edfica.\u00a0 \u00c9stas son clasificadas mediante un indicador compuesto que combina tres conjuntos diferentes de indicadores basados en: el rendimiento de investigaci\u00f3n, productos de innovaci\u00f3n e impacto social medidos por su visibilidad en la web. Se nutre de la base de datos producida por Scopus (Elsevier).<\/p>\n<h4><a title=\"SCImago Institutions Rankings\" href=\"https:\/\/www.scimagoir.com\/institution.php?idp=59384&amp;src=emb\"><img decoding=\"async\" class=\"alignleft\" style=\"width: 100px; height: 120px;\" src=\"https:\/\/www.scimagoir.com\/institution_img.php?idp=59384&amp;width=560&amp;height=520&amp;theme=dark\" alt=\"SCImago Institutions Rankings\" border=\"0\" \/><\/a><b>Posici\u00f3n m\u00e1s reciente (2021) de la UPR: <span style=\"color: #ff0000;\">421<\/span><\/b> de 4216 universidades evaluadas.<\/h4>\n<h4>Posici\u00f3n global de la UPR: <b><span style=\"color: #ff0000;\">620<\/span><\/b> de un total de 7533 instituciones en general evaluadas en SCImago para el a\u00f1o 2021.<\/h4><p>\u00a0Para mayor informaci\u00f3n dirigirse al URL: <a href=\"http:\/\/www.scimagoir.com\/rankings.php\">http:\/\/www.scimagoir.com\/rankings.php<\/a><\/p>\n<hr \/>\n<p style=\"text-align: center;\"><b>Fig. 1. Posici\u00f3n de UPR en el ranking mundial de universidades de SCImago<\/b><\/p><p style=\"text-align: center;\"><iframe loading=\"lazy\" width=\"100%\" height=\"470\" src=\"\/\/jsfiddle.net\/senadorbarron\/f2bL2cwz\/12\/embedded\/result\/\" allowfullscreen=\"allowfullscreen\" allowpaymentrequest frameborder=\"0\"><\/iframe><\/p>\n<p style=\"text-align: center;\"><b>Fig. 2. Posici\u00f3n de UPR en el ranking de universidades latinoamericanas de SCImago<\/b><\/p><p style=\"text-align: center;\"><iframe loading=\"lazy\" width=\"100%\" height=\"470\" src=\"\/\/jsfiddle.net\/senadorbarron\/xk0b57s5\/8\/embedded\/result\/\" allowfullscreen=\"allowfullscreen\" allowpaymentrequest frameborder=\"0\"><\/iframe><\/p>\n<p style=\"text-align: center;\"><b>Fig. 3. Posici\u00f3n de UPR en el ranking de universidades de Iberoam\u00e9rica de SCImago<\/b><\/p><p style=\"text-align: center;\"><iframe loading=\"lazy\" width=\"100%\" height=\"470\" src=\"\/\/jsfiddle.net\/senadorbarron\/70kb9ews\/embedded\/result\/\" allowfullscreen=\"allowfullscreen\" allowpaymentrequest frameborder=\"0\"><\/iframe><\/p><\/div><\/div><\/div><div class=\"wonderplugin-engine\"><a href=\"http:\/\/www.wonderplugin.com\/wordpress-tabs\/\" title=\"Responsive WordPress Tabs\">Responsive WordPress Tabs<\/a><\/div><\/div><\/div><\/blockquote>\n","protected":false},"excerpt":{"rendered":"<p>A continuaci\u00f3n se muestran los datos disponibles en una selecci\u00f3n de los principales rankings de universidades. Se incluye adem\u00e1s, el promedio de instituciones evaluadas por cada ranking para un a\u00f1o en particular y la colaboraci\u00f3n de la Universidad de Puerto Rico con las diez primeras instituciones de cada ranking. El prop\u00f3sito es uno de car\u00e1cter<\/p>\n<div class=\"read-more\"><a href=\"https:\/\/umaipur.uprrp.edu\/index.php\/indicadores-upr\/rankings-internacionales\/\" title=\"Read More\">Read More<\/a><\/div>\n","protected":false},"author":5,"featured_media":0,"parent":51,"menu_order":0,"comment_status":"closed","ping_status":"closed","template":"page-blocks.php","meta":{"footnotes":""},"class_list":["post-664","page","type-page","status-publish"],"_links":{"self":[{"href":"https:\/\/umaipur.uprrp.edu\/index.php\/wp-json\/wp\/v2\/pages\/664","targetHints":{"allow":["GET"]}}],"collection":[{"href":"https:\/\/umaipur.uprrp.edu\/index.php\/wp-json\/wp\/v2\/pages"}],"about":[{"href":"https:\/\/umaipur.uprrp.edu\/index.php\/wp-json\/wp\/v2\/types\/page"}],"author":[{"embeddable":true,"href":"https:\/\/umaipur.uprrp.edu\/index.php\/wp-json\/wp\/v2\/users\/5"}],"replies":[{"embeddable":true,"href":"https:\/\/umaipur.uprrp.edu\/index.php\/wp-json\/wp\/v2\/comments?post=664"}],"version-history":[{"count":13,"href":"https:\/\/umaipur.uprrp.edu\/index.php\/wp-json\/wp\/v2\/pages\/664\/revisions"}],"predecessor-version":[{"id":680,"href":"https:\/\/umaipur.uprrp.edu\/index.php\/wp-json\/wp\/v2\/pages\/664\/revisions\/680"}],"up":[{"embeddable":true,"href":"https:\/\/umaipur.uprrp.edu\/index.php\/wp-json\/wp\/v2\/pages\/51"}],"wp:attachment":[{"href":"https:\/\/umaipur.uprrp.edu\/index.php\/wp-json\/wp\/v2\/media?parent=664"}],"curies":[{"name":"wp","href":"https:\/\/api.w.org\/{rel}","templated":true}]}}