{"id":61,"date":"2016-11-01T20:01:05","date_gmt":"2016-11-01T20:01:05","guid":{"rendered":"http:\/\/umaipur.uprrp.edu\/wp\/?page_id=61"},"modified":"2017-11-01T14:13:51","modified_gmt":"2017-11-01T18:13:51","slug":"latindex-pr","status":"publish","type":"page","link":"https:\/\/umaipur.uprrp.edu\/index.php\/latindex-pr\/","title":{"rendered":"Latindex PR"},"content":{"rendered":"<p style=\"text-align: justify;\">Latindex-PR es el centro coordinador de Latindex en Puerto Rico, con sede en la Escuela Graduada de Ciencias y Tecnolog\u00edas de la Informaci\u00f3n (EGCTI) de la Universidad de Puerto Rico, Recinto de R\u00edo Piedras. El objetivo es trabajar por el mejoramiento de la calidad editorial, la visibilidad y el uso de los contenidos publicados en revistas cient\u00edficas, t\u00e9cnico profesionales y de divulgaci\u00f3n cient\u00edfica y cultural editadas en Puerto Rico, con particular inter\u00e9s en las que se editan en el \u00e1mbito acad\u00e9mico.<\/p>\n<p><strong>Coordinador<\/strong>:<\/p>\n<p>Carlos A. Su\u00e1rez Balseiro, Ph D.<br \/>\nEscuela Graduada de Ciencias y Tecnolog\u00edas de la Informaci\u00f3n (EGCTI)<br \/>\nUniversidad de Puerto Rico, Recinto de R\u00edo Piedras<br \/>\ne-mail: carlos.suarez5@upr.edu<br \/>\nTel.: 787-764-0000 ext. 85265<br \/>\nPO Box 21906 San Juan, Puerto Rico 00931-1906<\/p>\n<p><strong>Estudiante asistente de investigaci\u00f3n<\/strong>:<\/p>\n<p>Eileene Adames (PEAF-EGCTI)<br \/>\nPrograma Doctoral de Psicolog\u00eda<br \/>\nUniversidad de Puerto Rico, Recinto de R\u00edo Piedras<\/p>\n<p style=\"text-align: justify;\"><strong>Sobre Latindex<\/strong><\/p>\n<p style=\"text-align: justify;\"><a href=\"http:\/\/latindex.org\/\">Latindex tuvo su origen en la Universidad Nacional Aut\u00f3noma de M\u00e9xico (UNAM)<\/a> en 1995 y se convirti\u00f3 en una red de cooperaci\u00f3n regional a partir de 1997. Este esfuerzo es producto de la cooperaci\u00f3n de una red de instituciones que funcionan de manera coordinada para reunir y diseminar informaci\u00f3n bibliogr\u00e1fica sobre las publicaciones cient\u00edficas seriadas producidas en la region.<\/p>\n<p>Actualmente Latindex mantiene cuatro bases de datos:<\/p>\n<ol>\n<li><a href=\"http:\/\/www.latindex.unam.mx\/latindex\/tablaPais?id=36&amp;id2=0\"><strong>Directorio<\/strong><\/a>\u00a0con datos bibliogr\u00e1ficos y de contacto de todas las revistas registradas, ya sea que se publiquen en soporte impreso o electr\u00f3nico.<\/li>\n<li><a href=\"http:\/\/www.latindex.unam.mx\/latindex\/tablaPais?id=36&amp;id2=1\"><strong>Cat\u00e1logo<\/strong><\/a>\u00a0que incluye \u00fanicamente las revistas \u2013impresas o electr\u00f3nicas- que cumplen los criterios de calidad editorial dise\u00f1ados por Latindex.<\/li>\n<li><b>Revistas en l\u00ednea<\/b>\u00a0que permite el acceso a los textos completos en los sitios en que se encuentran disponibles.<\/li>\n<li><strong><a href=\"http:\/\/www.latindex.ppl.unam.mx\/\">Portal de Portales<\/a><\/strong>: Permite el acceso al texto completo de una selecci\u00f3n de revistas iberoamericanas disponibles en los portales m\u00e1s importantes de la regi\u00f3n.<\/li>\n<\/ol>\n","protected":false},"excerpt":{"rendered":"<p>Latindex-PR es el centro coordinador de Latindex en Puerto Rico, con sede en la Escuela Graduada de Ciencias y Tecnolog\u00edas de la Informaci\u00f3n (EGCTI) de la Universidad de Puerto Rico, Recinto de R\u00edo Piedras. El objetivo es trabajar por el mejoramiento de la calidad editorial, la visibilidad y el uso de los contenidos publicados en<\/p>\n<div class=\"read-more\"><a href=\"https:\/\/umaipur.uprrp.edu\/index.php\/latindex-pr\/\" title=\"Read More\">Read More<\/a><\/div>\n","protected":false},"author":3,"featured_media":0,"parent":0,"menu_order":0,"comment_status":"closed","ping_status":"closed","template":"","meta":{"footnotes":""},"class_list":["post-61","page","type-page","status-publish"],"_links":{"self":[{"href":"https:\/\/umaipur.uprrp.edu\/index.php\/wp-json\/wp\/v2\/pages\/61","targetHints":{"allow":["GET"]}}],"collection":[{"href":"https:\/\/umaipur.uprrp.edu\/index.php\/wp-json\/wp\/v2\/pages"}],"about":[{"href":"https:\/\/umaipur.uprrp.edu\/index.php\/wp-json\/wp\/v2\/types\/page"}],"author":[{"embeddable":true,"href":"https:\/\/umaipur.uprrp.edu\/index.php\/wp-json\/wp\/v2\/users\/3"}],"replies":[{"embeddable":true,"href":"https:\/\/umaipur.uprrp.edu\/index.php\/wp-json\/wp\/v2\/comments?post=61"}],"version-history":[{"count":6,"href":"https:\/\/umaipur.uprrp.edu\/index.php\/wp-json\/wp\/v2\/pages\/61\/revisions"}],"predecessor-version":[{"id":485,"href":"https:\/\/umaipur.uprrp.edu\/index.php\/wp-json\/wp\/v2\/pages\/61\/revisions\/485"}],"wp:attachment":[{"href":"https:\/\/umaipur.uprrp.edu\/index.php\/wp-json\/wp\/v2\/media?parent=61"}],"curies":[{"name":"wp","href":"https:\/\/api.w.org\/{rel}","templated":true}]}}