{"id":499,"date":"2017-12-07T11:35:11","date_gmt":"2017-12-07T15:35:11","guid":{"rendered":"http:\/\/umaipur.uprrp.edu\/?page_id=499"},"modified":"2022-05-11T10:16:02","modified_gmt":"2022-05-11T14:16:02","slug":"podcast-al-dia-con-la-investigacion","status":"publish","type":"page","link":"https:\/\/umaipur.uprrp.edu\/index.php\/podcast-al-dia-con-la-investigacion\/","title":{"rendered":"Podcast: Al d\u00eda con la investigaci\u00f3n"},"content":{"rendered":"<p>El podcast <em>Al d\u00eda con la investigaci\u00f3n <\/em>busca difundir el trabajo investigativo que se realiza en la isla, particularmente el que es resultado de la labor cient\u00edfica y creativa que se lleva a cabo en la Universidad de Puerto Rico.<\/p>\n<p>\u00bfQu\u00e9 se est\u00e1 haciendo en el campo de la investigaci\u00f3n? \u00bfQui\u00e9nes est\u00e1n innovando en este campo?<\/p>\n<p>M\u00e1s all\u00e1 del an\u00e1lisis cuantitativo que se realiza en UMAIPUR, el podcast tiene como objetivo proveer un espacio de discusi\u00f3n entorno a las investigaciones que se realizan en el campo universitario.<\/p>\n<h1><\/h1>\n<h1><strong><span title=\"&quot;Episodio\">Episodio #9: Investigaci\u00f3n oceanogr\u00e1fica a bordo del R\/V Neil Armstrong<\/span><\/strong><\/h1>\n<p><iframe loading=\"lazy\" src=\"https:\/\/www.mixcloud.com\/widget\/iframe\/?hide_cover=1&amp;light=1&amp;feed=%2Fmmaura%2Fepisodio-9%2F\" width=\"100%\" height=\"120\" frameborder=\"0\"><\/iframe><\/p>\n<h1><strong><span title=\"&quot;Episodio\">Episodio #8: Un proyecto para la remediaci\u00f3n del agua<\/span><\/strong><\/h1>\n<p><iframe loading=\"lazy\" src=\"https:\/\/www.mixcloud.com\/widget\/iframe\/?hide_cover=1&amp;light=1&amp;feed=%2Fmmaura%2Fpodcast-8%2F\" width=\"100%\" height=\"120\" frameborder=\"0\"><\/iframe><\/p>\n<p>Ram\u00edrez-Col\u00f3n, J. L., Santiago-Maldonado, X., Laboy-L\u00f3pez, S., M\u00e9ndez Fern\u00e1ndez, P. O., Torres-D\u00edaz, M., Lasalde-Ram\u00edrez, J. A., D\u00edaz-V\u00e1zquez, L. M., &amp; Nicolau, E. (2022). Porous Cellulose Acetate\/Block Copolymer Membranes for the Recovery of Polyphenolic Compounds from Aquatic Environments. ACS Omega, 7(3), 2774\u20132785. <a href=\"https:\/\/doi.org\/10.1021\/acsomega.1c04327\">https:\/\/doi.org\/10.1021\/acsomega.1c04327<\/a><\/p>\n<p>WaRM2 Lab (Laboratorio del Dr. Eduardo Nicolau) | <a href=\"https:\/\/nicolaulab.weebly.com\/\">https:\/\/nicolaulab.weebly.com\/<\/a><br \/>\nCentro de Innovaci\u00f3n, Investigaci\u00f3n y Educaci\u00f3n en Nanotecnolog\u00eda Ambiental, Universidad de Puerto Rico | <a href=\"http:\/\/www.cire2n.upr.edu\/\">http:\/\/www.cire2n.upr.edu\/<\/a><\/p>\n<h1><strong><span title=\"Episodio #7: Un estudio sobre la m\u00fasica de vanguardia del compositor Francis Schwartz\">Episodio #7: Un estudio sobre la m\u00fasica de vanguardia del compositor Francis Schwartz<\/span><\/strong><\/h1>\n<p><iframe loading=\"lazy\" src=\"https:\/\/www.mixcloud.com\/widget\/iframe\/?hide_cover=1&amp;light=1&amp;feed=%2Fmmaura%2Fpodcast6%2F\" width=\"100%\" height=\"120\" frameborder=\"0\"><\/iframe><\/p>\n<h1><strong><span title=\"Episodio #6: Proyecto de la Real Hacienda de Puerto Rico (Siglo XVI)\">Episodio #6: Proyecto de la Real Hacienda de Puerto Rico (Siglo XVI)<\/span><\/strong><\/h1>\n<p><iframe loading=\"lazy\" src=\"https:\/\/www.mixcloud.com\/widget\/iframe\/?hide_cover=1&amp;light=1&amp;feed=%2Fmmaura%2Fepisodio6%2F\" width=\"100%\" height=\"120\" frameborder=\"0\"><\/iframe><\/p>\n<h1><strong><span title=\"Episodio #5: Treatment Engagement after Emergency Department Visit as a Protective Factor for Suicide Risk\">Episodio #5: Treatment Engagement after Emergency Department Visit as a Protective Factor for Suicide Risk<\/span><\/strong><\/h1>\n<p><iframe loading=\"lazy\" src=\"https:\/\/www.mixcloud.com\/widget\/iframe\/?hide_cover=1&amp;light=1&amp;feed=%2Fmmaura%2Fepisodio5%2F\" width=\"100%\" height=\"120\" frameborder=\"0\"><\/iframe><\/p>\n<h1><strong><span title=\"Episodio #4: Experiencias de mujeres dominicanas viviendo con VIH\/SIDA en Puerto Rico\">Episodio #4: Experiencias de mujeres dominicanas viviendo con VIH\/SIDA en Puerto Rico<\/span><\/strong><\/h1>\n<p><iframe loading=\"lazy\" src=\"https:\/\/www.mixcloud.com\/widget\/iframe\/?hide_cover=1&amp;light=1&amp;feed=%2Fmmaura%2Fepisodio-4%2F\" width=\"100%\" height=\"120\" frameborder=\"0\"><\/iframe><\/p>\n<h1><strong><span title=\"Episodio #3: UPR y NASA colaboran en el desarrollo de tecnolog\u00edas para misiones espaciales\">Episodio #3: UPR y NASA colaboran en el desarrollo de tecnolog\u00edas para misiones espaciales<\/span><\/strong><\/h1>\n<p><iframe loading=\"lazy\" src=\"https:\/\/www.mixcloud.com\/widget\/iframe\/?hide_cover=1&amp;light=1&amp;feed=%2Fmmaura%2Fupr-y-nasa-colaboran-para-desarrollar-tecnolog%C3%ADas-para-misiones-espaciales%2F\" width=\"100%\" height=\"120\" frameborder=\"0\"><\/iframe><\/p>\n<h1><strong><span style=\"color: #000000;\">Episodio #2: \u00bfCu\u00e1l es el estado de las playas en Puerto Rico?\u00a0<\/span><\/strong><\/h1>\n<p><iframe loading=\"lazy\" src=\"https:\/\/www.mixcloud.com\/widget\/iframe\/?hide_cover=1&amp;light=1&amp;feed=%2Fmmaura%2Fepisodio-2-cu%C3%A1l-es-el-estado-de-las-playas-en-puerto-rico%2F\" width=\"100%\" height=\"120\" frameborder=\"0\"><\/iframe><\/p>\n<h1><strong>Episodio #1: Se estudia la proliferaci\u00f3n de hongos en comunidad en San Juan\u00a0<\/strong><\/h1>\n<p><iframe loading=\"lazy\" src=\"https:\/\/www.mixcloud.com\/widget\/iframe\/?hide_cover=1&amp;light=1&amp;feed=%2Fmmaura%2Fse-estudia-la-proliferaci%C3%B3n-de-hongos-en-las-casas-de-una-comunidad-en-san-juan%2F\" width=\"100%\" height=\"120\" frameborder=\"0\"><\/iframe><\/p>\n","protected":false},"excerpt":{"rendered":"<p>El podcast Al d\u00eda con la investigaci\u00f3n busca difundir el trabajo investigativo que se realiza en la isla, particularmente el que es resultado de la labor cient\u00edfica y creativa que se lleva a cabo en la Universidad de Puerto Rico. \u00bfQu\u00e9 se est\u00e1 haciendo en el campo de la investigaci\u00f3n? \u00bfQui\u00e9nes est\u00e1n innovando en este<\/p>\n<div class=\"read-more\"><a href=\"https:\/\/umaipur.uprrp.edu\/index.php\/podcast-al-dia-con-la-investigacion\/\" title=\"Read More\">Read More<\/a><\/div>\n","protected":false},"author":3,"featured_media":0,"parent":0,"menu_order":0,"comment_status":"closed","ping_status":"closed","template":"page-blocks.php","meta":{"footnotes":""},"class_list":["post-499","page","type-page","status-publish"],"_links":{"self":[{"href":"https:\/\/umaipur.uprrp.edu\/index.php\/wp-json\/wp\/v2\/pages\/499","targetHints":{"allow":["GET"]}}],"collection":[{"href":"https:\/\/umaipur.uprrp.edu\/index.php\/wp-json\/wp\/v2\/pages"}],"about":[{"href":"https:\/\/umaipur.uprrp.edu\/index.php\/wp-json\/wp\/v2\/types\/page"}],"author":[{"embeddable":true,"href":"https:\/\/umaipur.uprrp.edu\/index.php\/wp-json\/wp\/v2\/users\/3"}],"replies":[{"embeddable":true,"href":"https:\/\/umaipur.uprrp.edu\/index.php\/wp-json\/wp\/v2\/comments?post=499"}],"version-history":[{"count":107,"href":"https:\/\/umaipur.uprrp.edu\/index.php\/wp-json\/wp\/v2\/pages\/499\/revisions"}],"predecessor-version":[{"id":1813,"href":"https:\/\/umaipur.uprrp.edu\/index.php\/wp-json\/wp\/v2\/pages\/499\/revisions\/1813"}],"wp:attachment":[{"href":"https:\/\/umaipur.uprrp.edu\/index.php\/wp-json\/wp\/v2\/media?parent=499"}],"curies":[{"name":"wp","href":"https:\/\/api.w.org\/{rel}","templated":true}]}}