{"id":42,"date":"2016-10-31T19:05:28","date_gmt":"2016-10-31T19:05:28","guid":{"rendered":"http:\/\/umaipur.uprrp.edu\/wp\/?page_id=42"},"modified":"2017-07-05T16:13:56","modified_gmt":"2017-07-05T20:13:56","slug":"solicitar-el-issn","status":"publish","type":"page","link":"https:\/\/umaipur.uprrp.edu\/index.php\/solicitar-el-issn\/","title":{"rendered":"Solicitar el ISSN"},"content":{"rendered":"<p>El International Standard Serial Numbers \/ N\u00famero Internacional Normalizado de Publicaciones Seriadas (ISSN) es un c\u00f3digo num\u00e9rico reconocido internacionalmente para la identificaci\u00f3n de las publicaciones seriadas. En el caso de Puerto Rico, los editores deben solicitarlo a la Biblioteca del Congreso. Al <a href=\"http:\/\/www.loc.gov\/issn\/\" target=\"_blank\" rel=\"noopener\">visitar el sitio web del U.S. ISSN Center<\/a> encontrar\u00e1\u00a0los <a href=\"http:\/\/loc.gov\/issn\/form\/\">formularios<\/a> que debe cumplimentar e informaci\u00f3n valiosa <a href=\"http:\/\/www.loc.gov\/issn\/basics\/basics-brochure-serials.html#advantages\" target=\"_blank\" rel=\"noopener\">sobre las ventajas del ISSN<\/a> como identificador un\u00edvoco de la revista.<\/p>\n<h2>CU\u00c1NDO SOLICITAR UN ISSN:<\/h2>\n<ul>\n<li>Antes de que se edite el primer n\u00famero con el fin de que el ISSN pueda figurar en la publicaci\u00f3n desde el comienzo (excepto en el caso de publicaciones seriadas cuyas URL deben estar operativas previamente a la solicitud).<\/li>\n<li>En cualquier momento de la vida de la publicaci\u00f3n.<\/li>\n<li>Cuando ya ha dejado de publicarse si se desea una asignaci\u00f3n retrospectiva.<\/li>\n<li>Cuando la publicaci\u00f3n cambie de t\u00edtulo.<\/li>\n<li>Cualquier cambio en el t\u00edtulo, por insignificante que parezca, tales como la desaparici\u00f3n de una palabra o acr\u00f3nimo, el orden de las palabras, un cambio en la denominaci\u00f3n de la entidad responsable si forma parte del t\u00edtulo puede suponer la asignaci\u00f3n de un nuevo n\u00famero de ISSN.<\/li>\n<li>Cuando la publicaci\u00f3n cambie de soporte. Cada una de las versiones de \u00e9sta debe llevar un ISSN diferente.<\/li>\n<\/ul>\n<p style=\"text-align: right;\"><strong>Referencia<\/strong>: Centro Argentino de Informaci\u00f3n Cient\u00edfica y Tecnol\u00f3gica. (s. f.). <em>ISSN-Gu\u00eda de tr\u00e1mites<\/em>. Recuperado de <a href=\"http:\/\/www.caicyt-conicet.gov.ar\/servicios\/centro-nacional-de-issn\/solicitar-issn\/\" target=\"_blank\" rel=\"noopener\">http:\/\/www.caicyt-conicet.gov.ar\/servicios\/centro-nacional-de-issn\/solicitar-issn\/<\/a><\/p>\n<h2>GU\u00cdA DE TR\u00c1MITES PARA LA SOLICITUD DE ISSN EN EL U. S. CENTER:<\/h2>\n<ul>\n<li>Completar el <a href=\"http:\/\/www.loc.gov\/issn\/form\/\" target=\"_blank\" rel=\"noopener\">formulario<\/a> en el formato que mejor prefiera: <a href=\"http:\/\/www.loc.gov\/issn\/pdf\/issn-application-12-2008.pdf\" target=\"_blank\" rel=\"noopener\">.pdf<\/a> o<a href=\"http:\/\/www.loc.gov\/issn\/Excel\/ApplicationSpreadsheet_WebVersion.xls\" target=\"_blank\" rel=\"noopener\">.xls (MS Excel)<\/a><\/li>\n<li>Al finalizar el formulario, deber\u00e1 enviar v\u00eda correo electr\u00f3nico, fax o correo postal a las direcciones correspondientes que aparecer\u00e1n en el formulario de solicitud. Tenga en cuenta que cada modo de env\u00edo tendr\u00e1 sus particularidades.<\/li>\n<\/ul>\n<h2>&#8211; DIFERENCIAS A TOMAR EN EL MODO DE ENV\u00cdO:<\/h2>\n<ul>\n<li><strong>Correo eletr\u00f3nico:<\/strong> debe limitar la copia electr\u00f3nica de la publicaci\u00f3n a cinco p\u00e1ginas y en formato .pdf. No env\u00ede una copia entera de la publicaci\u00f3n. Recuerde enviar todos los adjuntos en una misma comunicaci\u00f3n.<\/li>\n<li><strong>Fax:<\/strong> debe limitar la copia adjunta de la publicaci\u00f3n a cinco p\u00e1ginas. No env\u00ede una copia entera de la publicaci\u00f3n.<\/li>\n<li><strong>Correo postal:<\/strong> Incluya el formulario junto a una copia de la publicaci\u00f3n. Note que el proceso de env\u00edo puede demorarse dado a que las facilidades se encuentran fuera de la <a href=\"http:\/\/www.loc.gov\/\" target=\"_blank\" rel=\"noopener\">Biblioteca del Congreso<\/a>. El proceso de env\u00edo puede ser m\u00e1s conveniente para las publicaciones impresas dado que este m\u00e9todo provee una catalogaci\u00f3n m\u00e1s precisa y completa.<\/li>\n<\/ul>\n","protected":false},"excerpt":{"rendered":"<p>El International Standard Serial Numbers \/ N\u00famero Internacional Normalizado de Publicaciones Seriadas (ISSN) es un c\u00f3digo num\u00e9rico reconocido internacionalmente para la identificaci\u00f3n de las publicaciones seriadas. En el caso de Puerto Rico, los editores deben solicitarlo a la Biblioteca del Congreso. Al visitar el sitio web del U.S. ISSN Center encontrar\u00e1\u00a0los formularios que debe cumplimentar<\/p>\n<div class=\"read-more\"><a href=\"https:\/\/umaipur.uprrp.edu\/index.php\/solicitar-el-issn\/\" title=\"Read More\">Read More<\/a><\/div>\n","protected":false},"author":3,"featured_media":0,"parent":0,"menu_order":0,"comment_status":"closed","ping_status":"closed","template":"","meta":{"footnotes":""},"class_list":["post-42","page","type-page","status-publish"],"_links":{"self":[{"href":"https:\/\/umaipur.uprrp.edu\/index.php\/wp-json\/wp\/v2\/pages\/42","targetHints":{"allow":["GET"]}}],"collection":[{"href":"https:\/\/umaipur.uprrp.edu\/index.php\/wp-json\/wp\/v2\/pages"}],"about":[{"href":"https:\/\/umaipur.uprrp.edu\/index.php\/wp-json\/wp\/v2\/types\/page"}],"author":[{"embeddable":true,"href":"https:\/\/umaipur.uprrp.edu\/index.php\/wp-json\/wp\/v2\/users\/3"}],"replies":[{"embeddable":true,"href":"https:\/\/umaipur.uprrp.edu\/index.php\/wp-json\/wp\/v2\/comments?post=42"}],"version-history":[{"count":4,"href":"https:\/\/umaipur.uprrp.edu\/index.php\/wp-json\/wp\/v2\/pages\/42\/revisions"}],"predecessor-version":[{"id":422,"href":"https:\/\/umaipur.uprrp.edu\/index.php\/wp-json\/wp\/v2\/pages\/42\/revisions\/422"}],"wp:attachment":[{"href":"https:\/\/umaipur.uprrp.edu\/index.php\/wp-json\/wp\/v2\/media?parent=42"}],"curies":[{"name":"wp","href":"https:\/\/api.w.org\/{rel}","templated":true}]}}