{"id":35,"date":"2016-10-31T18:54:11","date_gmt":"2016-10-31T18:54:11","guid":{"rendered":"http:\/\/umaipur.uprrp.edu\/wp\/?page_id=35"},"modified":"2021-08-02T15:58:04","modified_gmt":"2021-08-02T19:58:04","slug":"incorporar-revistas-a-latindex","status":"publish","type":"page","link":"https:\/\/umaipur.uprrp.edu\/index.php\/incorporar-revistas-a-latindex\/","title":{"rendered":"Incorporar revistas a Latindex"},"content":{"rendered":"<p>Cualquier editor en Puerto Rico de una revista cient\u00edfica, t\u00e9cnico-profesional o de divulgaci\u00f3n cient\u00edfica y cultural, puede solicitar que la misma sea inclu\u00edda en la base de datos del Sistema Latindex.<\/p>\n<p>A continuaci\u00f3n le desglosamos el proceso de solicitud, el cual se divide en dos pasos:<\/p>\n<h2 style=\"text-align: left;\"><strong>I\u00a0&#8211; CRITERIOS DE CALIDAD EDITORIAL<\/strong><\/h2>\n<p>Ante todo, debe asegurarse que la publicaci\u00f3n cumple con los ocho criterios b\u00e1sicos de calidad editorial diferenciados para las\u00a0<a href=\"http:\/\/latindexpr.net\/index.php\/editores\/incorporar-mi-revista#impresas\">revistas impresas<\/a> y <a href=\"http:\/\/latindexpr.net\/index.php\/editores\/incorporar-mi-revista#electronicas\">electr\u00f3nicas<\/a>:<\/p>\n<h3 style=\"text-align: center;\"><a name=\"impresas\"><\/a><strong>CRITERIOS B\u00c1SICOS. REVISTAS IMPRESAS.<\/strong><\/h3>\n<ol>\n<li><strong>Menci\u00f3n del Cuerpo Editorial:<\/strong>\u00a0Se constatar\u00e1 que en la revista se mencione la existencia de un consejo o comit\u00e9 editorial o un responsable cient\u00edfico. El cuerpo editorial se puede conformar por el director general, editor responsable, editor ejecutivo, secretario de redacci\u00f3n, entre otros.<\/li>\n<li><strong>Contenido:<\/strong>\u00a0Para calificar positivamente, al menos el 40% de los documentos publicados en los fasc\u00edculos a calificar estar\u00e1 constituido por: art\u00edculos originales; art\u00edculos de revisi\u00f3n; informes t\u00e9cnicos; comunicaciones en congresos; comunicaciones cortas; cartas al editor; estados del arte; rese\u00f1as de libro, entre otros tipos de documento. En todos los casos deber\u00e1 privar el contenido cient\u00edfico acad\u00e9mico.<\/li>\n<li><strong>Antig\u00fcedad m\u00ednima 1 a\u00f1o:<\/strong>\u00a0Para ser evaluada la publicaci\u00f3n deber\u00e1 haber comenzado a editarse al menos 12 meses antes del momento en que se hace el an\u00e1lisis. Las publicaciones semestrales o anuales deber\u00e1n ser evaluadas con un m\u00ednimo de tres fasc\u00edculos diferentes. En todos los casos deber\u00e1 evaluarse con los fasc\u00edculos m\u00e1s recientes.<\/li>\n<li><strong>Identificaci\u00f3n de los autores:<\/strong>\u00a0Los trabajos deben estar firmados por los autores con nombre y apellidos o declaraci\u00f3n de autor institucional.<\/li>\n<li><strong>Lugar de edici\u00f3n:<\/strong>\u00a0Deber\u00e1 hacerse constar en lugar visible el lugar de edici\u00f3n de la revista.<\/li>\n<li><strong>Entidad editora:<\/strong>\u00a0Deber\u00e1 hacerse constar en lugar visible la entidad o instituci\u00f3n editora de la revista.<\/li>\n<li><strong>Menci\u00f3n del director:<\/strong>\u00a0En la revista deber\u00e1 constarse el nombre del director de la publicaci\u00f3n, responsable editorial o equivalente.<\/li>\n<li><strong>Menci\u00f3n de la direcci\u00f3n:<\/strong>\u00a0Deber\u00e1 aportarse en lugar visible la direcci\u00f3n postal o de correo electr\u00f3nico de la administraci\u00f3n de la revista a efectos de solicitud de suscripciones, canjes, env\u00edo de trabajos, acciones de seguimiento, entre otras.<a name=\"impresas\"><\/a><\/li>\n<\/ol>\n<h3 style=\"text-align: center;\"><a name=\"electronicas\"><\/a><strong>CRITERIOS B\u00c1SICOS. REVISTAS ELECTR\u00d3NICAS.<\/strong><\/h3>\n<ol>\n<li><strong>Menci\u00f3n del Cuerpo Editorial:<\/strong>\u00a0Se constatar\u00e1 que en la revista se mencione la existencia de un consejo o comit\u00e9 editorial o un responsable cient\u00edfico. El cuerpo editorial se puede conformar por el director general,\u00a0 editor responsable, editor ejecutivo, secretario de redacci\u00f3n, entre otros. En las revistas electr\u00f3nicas deber\u00e1 constar en la p\u00e1gina de inicio directamente o bien con un enlace que permita desde ella acceder a los datos con un simple clic.<\/li>\n<li><strong>Contenido:<\/strong>\u00a0Para calificar positivamente, al menos el 40% de los documentos publicados en los fasc\u00edculos a calificar estar\u00e1 constituido por: art\u00edculos originales; art\u00edculos de revisi\u00f3n; informes t\u00e9cnicos; comunicaciones en congresos; comunicaciones cortas; cartas al editor; estados del arte; rese\u00f1as de libro, entre otros tipos de documento. En todos los casos deber\u00e1 privar el contenido cient\u00edfico acad\u00e9mico.<\/li>\n<li><strong>Generaci\u00f3n continua de contenidos:\u00a0<\/strong>Debe demostrar la generaci\u00f3n de nuevos contenidos en un a\u00f1o.<\/li>\n<li><strong>Identificaci\u00f3n de los autores:\u00a0<\/strong>Los trabajos deben estar firmados por los autores con nombre y apellidos o declaraci\u00f3n de autor institucional.<\/li>\n<li><strong>Entidad editora:<\/strong>\u00a0Deber\u00e1 hacerse constar en lugar visible la entidad o instituci\u00f3n editora de la revista. Deber\u00e1 ser de toda solvencia, aparecer\u00e1 en la p\u00e1gina de inicio directamente o bien con un enlace que permita desde ella acceder con un simple clic.<\/li>\n<li><strong>Menci\u00f3n del director:\u00a0<\/strong>En la revista deber\u00e1 constarse el nombre del director de la publicaci\u00f3n, responsable editorial o equivalente.<\/li>\n<li><strong>Menci\u00f3n del URL de la revista:<\/strong>\u00a0Deber\u00e1 constar en la p\u00e1gina principal de la revista o en el navegador.<\/li>\n<li><strong>Menci\u00f3n de la direcci\u00f3n de la revista:<\/strong>\u00a0Deber\u00e1 aportarse en lugar visible la direcci\u00f3n postal o de correo electr\u00f3nico de la administraci\u00f3n de la revista a efectos de solicitud de suscripciones, canjes, env\u00edo de trabajos, acciones de seguimiento, entre otras.<\/li>\n<\/ol>\n<h2 style=\"text-align: left;\"><a name=\"impresas\"><\/a><strong>II- CONTACTO Y ENV\u00cdO DE PUBLICACI\u00d3N A LATINDEX PUERTO RICO<\/strong><\/h2>\n<p dir=\"ltr\">Para iniciar el proceso de revisi\u00f3n e ingreso a la base de datos del Sistema Latindex, deber\u00e1 contactarnos al siguiente correo electr\u00f3nico: <span id=\"cloak43922\"><\/span><a href=\"mailto:latindex.pr@upr.edu\">latindex.pr@upr.edu<\/a>.<\/p>\n<p dir=\"ltr\">Junto a esta comunicaci\u00f3n, favor de enviarnos un ejemplar del n\u00famero m\u00e1s reciente publicado o indicar la direcci\u00f3n electr\u00f3nica (URL), si es una revista electr\u00f3nica. Si la revista es impresa y adem\u00e1s tiene una versi\u00f3n electr\u00f3nica, deber\u00e1 indicarlo en la comunicaci\u00f3n, pues se crear\u00e1n dos registros en la base de datos. Tome en cuenta que en este caso la versi\u00f3n electr\u00f3nica de la revista tiene un <a href=\"http:\/\/latindexpr.net\/index.php\/editores\/solicitar-el-issn\" target=\"_blank\" rel=\"noopener\">ISSN<\/a> diferente a la versi\u00f3n impresa.<\/p>\n","protected":false},"excerpt":{"rendered":"<p>Cualquier editor en Puerto Rico de una revista cient\u00edfica, t\u00e9cnico-profesional o de divulgaci\u00f3n cient\u00edfica y cultural, puede solicitar que la misma sea inclu\u00edda en la base de datos del Sistema Latindex. A continuaci\u00f3n le desglosamos el proceso de solicitud, el cual se divide en dos pasos: I\u00a0&#8211; CRITERIOS DE CALIDAD EDITORIAL Ante todo, debe asegurarse<\/p>\n<div class=\"read-more\"><a href=\"https:\/\/umaipur.uprrp.edu\/index.php\/incorporar-revistas-a-latindex\/\" title=\"Read More\">Read More<\/a><\/div>\n","protected":false},"author":3,"featured_media":0,"parent":0,"menu_order":0,"comment_status":"closed","ping_status":"closed","template":"page-blocks.php","meta":{"footnotes":""},"class_list":["post-35","page","type-page","status-publish"],"_links":{"self":[{"href":"https:\/\/umaipur.uprrp.edu\/index.php\/wp-json\/wp\/v2\/pages\/35","targetHints":{"allow":["GET"]}}],"collection":[{"href":"https:\/\/umaipur.uprrp.edu\/index.php\/wp-json\/wp\/v2\/pages"}],"about":[{"href":"https:\/\/umaipur.uprrp.edu\/index.php\/wp-json\/wp\/v2\/types\/page"}],"author":[{"embeddable":true,"href":"https:\/\/umaipur.uprrp.edu\/index.php\/wp-json\/wp\/v2\/users\/3"}],"replies":[{"embeddable":true,"href":"https:\/\/umaipur.uprrp.edu\/index.php\/wp-json\/wp\/v2\/comments?post=35"}],"version-history":[{"count":7,"href":"https:\/\/umaipur.uprrp.edu\/index.php\/wp-json\/wp\/v2\/pages\/35\/revisions"}],"predecessor-version":[{"id":1706,"href":"https:\/\/umaipur.uprrp.edu\/index.php\/wp-json\/wp\/v2\/pages\/35\/revisions\/1706"}],"wp:attachment":[{"href":"https:\/\/umaipur.uprrp.edu\/index.php\/wp-json\/wp\/v2\/media?parent=35"}],"curies":[{"name":"wp","href":"https:\/\/api.w.org\/{rel}","templated":true}]}}