{"id":247,"date":"2017-02-14T13:47:07","date_gmt":"2017-02-14T17:47:07","guid":{"rendered":"http:\/\/umaipur.uprrp.edu\/wp\/?page_id=247"},"modified":"2023-02-16T17:56:07","modified_gmt":"2023-02-16T21:56:07","slug":"metodologia","status":"publish","type":"page","link":"https:\/\/umaipur.uprrp.edu\/index.php\/indicadores-upr\/metodologia\/","title":{"rendered":"Metodolog\u00eda"},"content":{"rendered":"<p>UMAIPUR utiliza como fuentes los denominados \u00edndices de citas de la colecci\u00f3n principal del <em>Web of Science<\/em>\u2122 (WoS): <em>Science Citation Index Expanded<\/em> (SCI),<em> Social Science Citation Index<\/em> (SSCI), <em>Arts &amp; Humanities Citation Index<\/em> (A&amp;HCI) . Para identificar la producci\u00f3n cient\u00edfica de Puerto Rico se ha utilizado como estrategia de b\u00fasqueda y recuperaci\u00f3n la expresi\u00f3n: (PR AND USA) en el campo de afiliaci\u00f3n institucional (Address) desde la interfaz de b\u00fasqueda de WoS. Con los registros recuperados se cre\u00f3 una base de datos, en colaboraci\u00f3n con los colegas de IUNE-UC3M , en la que se realiz\u00f3 un cuidadoso proceso de normalizaci\u00f3n de las direcciones institucionales, lo que permite mayor precisi\u00f3n en la recuperaci\u00f3n de la producci\u00f3n de instituciones puertorrique\u00f1as, al identificar y recuperar variantes de dichas direcciones, incluso cuando no est\u00e1 incluido el nombre de la universidad ni los c\u00f3digos postales asociados con la instituci\u00f3n. Esto es particularmente \u00fatil en el caso de la Universidad de Puerto Rico e imprescindible para lograr resultados confiables. Las descargas de WoS se hac\u00edan durante los veranos de cada a\u00f1o, de esta forma se alcanzaba una mayor cobertura de los datos correspondientes al a\u00f1o anterior del a\u00f1o en curso.<\/p>\n<p>Para el an\u00e1lisis de las \u00e1reas de investigaci\u00f3n y disciplinas cient\u00edficas emergentes se utiliz\u00f3 la clasificaci\u00f3n tem\u00e1tica de las revistas en el <em>Journal Citation Reports<\/em>\u00ae,<em> Science Citation Edition y Social Science Citation Edition<\/em>. Las disciplinas fueron agrupadas en seis grandes \u00e1reas o categor\u00edas, seg\u00fan la clasificaci\u00f3n que realiza WoS para cada una de las revistas que indiza: <em>Arts &amp; Humanities<\/em> (Artes y Humanidades \u2013 ART-HUM), <em>Life Sciences<\/em> (Ciencias de la Vida &#8211; BIO),<em> Experimental Sciences<\/em> (Ciencias Experimentales &#8211; EXP), <em>Social Sciences<\/em> (Ciencias Sociales &#8211; SOC), <em>Architecture, Engineering and Computer Sciences<\/em> (Arquitectura, Ingenier\u00edas y Ciencias de C\u00f3mputo &#8211; ING), y <em>Medicine and Pharmacology<\/em> (Medicina y Farmacolog\u00eda &#8211; MED). <strong>No obstante, dado que Ciencias Sociales y Artes y Humanidades est\u00e1n menos representadas en las fuentes utilizadas, hecho este que constituye uno de los sesgos tradicionalmente asociados con el uso de los \u00edndices de citas, el an\u00e1lisis en el apartado de \u00e1reas y disciplinas de investigaci\u00f3n se hace \u00fanicamente para las cuatro categor\u00edas restantes.<\/strong><\/p>\n","protected":false},"excerpt":{"rendered":"<p>UMAIPUR utiliza como fuentes los denominados \u00edndices de citas de la colecci\u00f3n principal del Web of Science\u2122 (WoS): Science Citation Index Expanded (SCI), Social Science Citation Index (SSCI), Arts &amp; Humanities Citation Index (A&amp;HCI) . Para identificar la producci\u00f3n cient\u00edfica de Puerto Rico se ha utilizado como estrategia de b\u00fasqueda y recuperaci\u00f3n la expresi\u00f3n: (PR<\/p>\n<div class=\"read-more\"><a href=\"https:\/\/umaipur.uprrp.edu\/index.php\/indicadores-upr\/metodologia\/\" title=\"Read More\">Read More<\/a><\/div>\n","protected":false},"author":25,"featured_media":0,"parent":51,"menu_order":0,"comment_status":"closed","ping_status":"closed","template":"","meta":{"footnotes":""},"class_list":["post-247","page","type-page","status-publish"],"_links":{"self":[{"href":"https:\/\/umaipur.uprrp.edu\/index.php\/wp-json\/wp\/v2\/pages\/247","targetHints":{"allow":["GET"]}}],"collection":[{"href":"https:\/\/umaipur.uprrp.edu\/index.php\/wp-json\/wp\/v2\/pages"}],"about":[{"href":"https:\/\/umaipur.uprrp.edu\/index.php\/wp-json\/wp\/v2\/types\/page"}],"author":[{"embeddable":true,"href":"https:\/\/umaipur.uprrp.edu\/index.php\/wp-json\/wp\/v2\/users\/25"}],"replies":[{"embeddable":true,"href":"https:\/\/umaipur.uprrp.edu\/index.php\/wp-json\/wp\/v2\/comments?post=247"}],"version-history":[{"count":5,"href":"https:\/\/umaipur.uprrp.edu\/index.php\/wp-json\/wp\/v2\/pages\/247\/revisions"}],"predecessor-version":[{"id":1872,"href":"https:\/\/umaipur.uprrp.edu\/index.php\/wp-json\/wp\/v2\/pages\/247\/revisions\/1872"}],"up":[{"embeddable":true,"href":"https:\/\/umaipur.uprrp.edu\/index.php\/wp-json\/wp\/v2\/pages\/51"}],"wp:attachment":[{"href":"https:\/\/umaipur.uprrp.edu\/index.php\/wp-json\/wp\/v2\/media?parent=247"}],"curies":[{"name":"wp","href":"https:\/\/api.w.org\/{rel}","templated":true}]}}