{"id":1891,"date":"2023-04-27T14:50:52","date_gmt":"2023-04-27T18:50:52","guid":{"rendered":"http:\/\/umaipur.uprrp.edu\/?page_id=1891"},"modified":"2023-11-01T08:21:35","modified_gmt":"2023-11-01T12:21:35","slug":"ciencia-abierta","status":"publish","type":"page","link":"https:\/\/umaipur.uprrp.edu\/index.php\/ciencia-abierta\/","title":{"rendered":"Ciencia Abierta"},"content":{"rendered":"<p><strong>Nota<\/strong>: <span style=\"color: #ff0000;\">esta secci\u00f3n est\u00e1 en desarrollo. Los datos no deben ser utilizados ni citados.<\/span><\/p>\n<p>Coordinadores de secci\u00f3n: Prof. Cl\u00e1udia de Souza (catedr\u00e1tica auxiliar), Prof. Carlos Su\u00e1rez Balseiro (catedr\u00e1tico), Programa Graduado de Ciencias de la Informaci\u00f3n, Facultad de Comunicaci\u00f3n e Informaci\u00f3n.<\/p>\n<hr \/>\n<p><strong>Introducci\u00f3n<br \/>\n<\/strong>La Organizaci\u00f3n de las Naciones Unidas para la Educaci\u00f3n, la Ciencia y la Cultura (UNESCO)\u00a0<a href=\"https:\/\/es.unesco.org\/fieldoffice\/montevideo\/DerechoALaCiencia\/CienciaAbierta\">define la ciencia abierta<\/a> como\u00a0&#8220;un movimiento que pretende hacer la ciencia m\u00e1s abierta, accesible, eficiente, transparente y beneficiosa para todas y todos. Impulsado por los avances sin precedentes en nuestro mundo digital, la transici\u00f3n hacia la ciencia abierta permite que la informaci\u00f3n, los datos y los productos cient\u00edficos sean m\u00e1s accesibles y m\u00e1s f\u00e1cilmente compartidos con la participaci\u00f3n activa de todas las partes interesadas&#8221;. En octubre de 2020 se dio a conocer <a href=\"https:\/\/es.unesco.org\/sites\/default\/files\/joint_appeal_for_open_sciences_v5_es.pdf\">un\u00a0llamamiento conjunto en pro de la ciencia abierta<\/a>, con el prop\u00f3sito expreso de\u00a0 reducir las desigualdades y enfrentar los desaf\u00edos de la pandemia, que comenzaba en ese momento. Dada la relevancia de este asunto, esta secci\u00f3n tiene como objetivos explorar el estado de la Ciencia Abierta en el pa\u00edses del Caribe Insular, con especial \u00e9nfasis en Puerto Rico y su mayor universidad p\u00fablica.\u00a0 Este trabajo toma en cuenta cuatro dimensiones de la Ciencia Abierta:<\/p>\n<ol>\n<li>Acceso abierto (<i>Open Access<\/i>)<\/li>\n<li>Revisi\u00f3n por pares abierta (<i style=\"font-size: 14px;\">Open Peer <\/i><i style=\"font-size: 14px;\">review<\/i><span style=\"font-size: 14px;\">)<\/span><\/li>\n<li>Recursos educativos abiertos\u00a0 (<i style=\"font-size: 14px;\">Open <\/i><i style=\"font-size: 14px;\">Educational<\/i> <i style=\"font-size: 14px;\">Resources<\/i><span style=\"font-size: 14px;\">)<\/span><\/li>\n<li>C\u00f3digo Abierto (<i style=\"font-size: 14px;\">Open <\/i><i style=\"font-size: 14px;\">Source<\/i><span style=\"font-size: 14px;\">)<\/span><\/li>\n<\/ol>\n<p><strong>Metodolog\u00eda<br \/>\n<\/strong>El trabajo es de car\u00e1cter exploratorio y fundamentalmente descriptivo. Como fuentes para la recogida de datos se utilizan las siguientes:<\/p>\n<ul>\n<li>Pol\u00edtica de Acceso Abierto a los resultados de la labor creativa e investigaciones producidas en la Universidad de Puerto Rico (Certificaci\u00f3n 113, 2019-2020)<\/li>\n<li>Portal de Revistas Acad\u00e9micas de la Universidad de Puerto Rico<\/li>\n<li>Estad\u00edsticas de acceso y uso de los repositorios institucionales de la Universidad de Puerto Rico<\/li>\n<li>Scopus\u00ae (<i style=\"font-size: 14px;\">Elsevier&#8217;s<\/i> <i style=\"font-size: 14px;\">abstract<\/i><i style=\"font-size: 14px;\"> and <\/i><i style=\"font-size: 14px;\">citation<\/i> <i style=\"font-size: 14px;\">database<\/i><span style=\"font-size: 14px;\">)<\/span><\/li>\n<\/ul>\n<hr \/>\n<h4><strong>Tendencias de la Ciencia Abierta en la Cuenca del Caribe<br \/>\nVisualizaci\u00f3n de datos<\/strong><\/h4>\n<p>Colaboradores: Ashley McClain Vega y H\u00e9ctor Vargas Rivera, estudiantes del curso CINF6998 (Capstone), durante el primer semestre del a\u00f1o acad\u00e9mico 2023-2024.<strong><br \/>\n<\/strong><\/p>\n<hr \/>\n<p><strong>Revistas de acceso abierto<\/strong><br \/>\n<strong>Fuentes<\/strong>: <a href=\"https:\/\/www.latindex.org\/latindex\/inicio\">Latindex.org<\/a> | <a href=\"https:\/\/doaj.org\/\">Directory of Open Access Journals<\/a> (DOAJ)<br \/>\n<strong>Fecha de la consulta<\/strong>: agosto-noviembre de 2023<\/p>\n<p><iframe loading=\"lazy\" title=\"Dashboard - Cuenca del Caribe (Acceso Abierto)\" src=\"https:\/\/app.powerbi.com\/view?r=eyJrIjoiZmM5NGMxMmYtNDdjYi00NTIwLTg1NGQtMzJkYjQwMDgzYzJmIiwidCI6IjBkZmE1ZGMwLTAzNmYtNDYxNS05OWU0LTk0YWY4MjJmMmI4NCIsImMiOjF9&amp;pageName=ReportSection\" width=\"1024\" height=\"612\" frameborder=\"0\" allowfullscreen=\"allowfullscreen\"><\/iframe><\/p>\n<hr \/>\n<p><strong>Redes de colaboraci\u00f3n<\/strong><\/p>\n<hr \/>\n<p><em>Pa\u00edses<\/em><\/p>\n<hr \/>\n[insertar VoS1]\n<iframe loading=\"lazy\" style=\"border: 1px solid #ddd; max-width: 1000px; min-height: 500px;\" src=\"https:\/\/tinyurl.com\/2nxwo6q3\" width=\"100%\" height=\"75%\" allowfullscreen=\"allowfullscreen\"><\/iframe><\/p>\n<hr \/>\n<p><em>Organizaciones<\/em><\/p>\n[insertar VoS2]\n","protected":false},"excerpt":{"rendered":"<p>Nota: esta secci\u00f3n est\u00e1 en desarrollo. Los datos no deben ser utilizados ni citados. Coordinadores de secci\u00f3n: Prof. Cl\u00e1udia de Souza (catedr\u00e1tica auxiliar), Prof. Carlos Su\u00e1rez Balseiro (catedr\u00e1tico), Programa Graduado de Ciencias de la Informaci\u00f3n, Facultad de Comunicaci\u00f3n e Informaci\u00f3n. Introducci\u00f3n La Organizaci\u00f3n de las Naciones Unidas para la Educaci\u00f3n, la Ciencia y la Cultura<\/p>\n<div class=\"read-more\"><a href=\"https:\/\/umaipur.uprrp.edu\/index.php\/ciencia-abierta\/\" title=\"Read More\">Read More<\/a><\/div>\n","protected":false},"author":3,"featured_media":0,"parent":0,"menu_order":0,"comment_status":"closed","ping_status":"closed","template":"","meta":{"footnotes":""},"class_list":["post-1891","page","type-page","status-publish"],"_links":{"self":[{"href":"https:\/\/umaipur.uprrp.edu\/index.php\/wp-json\/wp\/v2\/pages\/1891","targetHints":{"allow":["GET"]}}],"collection":[{"href":"https:\/\/umaipur.uprrp.edu\/index.php\/wp-json\/wp\/v2\/pages"}],"about":[{"href":"https:\/\/umaipur.uprrp.edu\/index.php\/wp-json\/wp\/v2\/types\/page"}],"author":[{"embeddable":true,"href":"https:\/\/umaipur.uprrp.edu\/index.php\/wp-json\/wp\/v2\/users\/3"}],"replies":[{"embeddable":true,"href":"https:\/\/umaipur.uprrp.edu\/index.php\/wp-json\/wp\/v2\/comments?post=1891"}],"version-history":[{"count":17,"href":"https:\/\/umaipur.uprrp.edu\/index.php\/wp-json\/wp\/v2\/pages\/1891\/revisions"}],"predecessor-version":[{"id":1914,"href":"https:\/\/umaipur.uprrp.edu\/index.php\/wp-json\/wp\/v2\/pages\/1891\/revisions\/1914"}],"wp:attachment":[{"href":"https:\/\/umaipur.uprrp.edu\/index.php\/wp-json\/wp\/v2\/media?parent=1891"}],"curies":[{"name":"wp","href":"https:\/\/api.w.org\/{rel}","templated":true}]}}