{"id":1888,"date":"2023-04-27T14:50:38","date_gmt":"2023-04-27T18:50:38","guid":{"rendered":"http:\/\/umaipur.uprrp.edu\/?page_id=1888"},"modified":"2023-04-27T15:08:40","modified_gmt":"2023-04-27T19:08:40","slug":"complementarios-altmetrics","status":"publish","type":"page","link":"https:\/\/umaipur.uprrp.edu\/index.php\/complementarios-altmetrics\/","title":{"rendered":"Complementarios (Altmetrics)"},"content":{"rendered":"<p><strong>Nota<\/strong>: <span style=\"color: #ff0000;\">esta secci\u00f3n est\u00e1 en desarrollo. Los datos no deben ser utilizados ni citados.<\/span><\/p>\n<hr \/>\n<p>El Decanato de Estudios Graduados e Investigaci\u00f3n (DEGI), de la UPR Recinto de R\u00edo Piedras, aprob\u00f3 el proyecto titulado: <em>El uso de la web social de la ciencia por los investigadores de la Universidad de Puerto Rico, Recinto de R\u00edo Piedras<\/em>, como parte de su <a href=\"http:\/\/graduados.uprrp.edu\/index.php?option=com_content&amp;view=article&amp;id=362:convocatoria-para-academicos-residentes-en-centros-o-unidades-de-investigacion-2&amp;catid=39&amp;Itemid=557&amp;lang=es\">Programa de Acad\u00e9micos Residentes<\/a> 2021-2022. Este proyecto fue presentado por la doctora Snejanka Penkova, bibliotecaria docente de la <a href=\"https:\/\/baeuprrp.com\/\">Biblioteca de la Facultad de Administraci\u00f3n de Empresas<\/a> de este recinto. La doctora Penkova llev\u00f3 a cabo su trabajo de investigaci\u00f3n como acad\u00e9mica residente en el Observatorio de Estudios Relacionados con la Informaci\u00f3n (OERI) y la <a href=\"https:\/\/umaipur.uprrp.edu\">Unidad de Monitoreo y An\u00e1lisis de la Investigaci\u00f3n Cient\u00edfica en Puerto Rico <\/a>(UMAIPUR) de la Escuela Graduada de Ciencias y Tecnolog\u00edas de la Informaci\u00f3n (EGCTI), Facultad de Comunicaci\u00f3n e Informaci\u00f3n, Universidad de Puerto Rico, Recinto de R\u00edo Piedras.<\/p>\n<p><strong>Resumen<\/strong><\/p>\n<p>Tomando en cuenta el alto volumen de producci\u00f3n cient\u00edfica y el crecimiento exponencial de la misma en la actualidad, la divulgaci\u00f3n de la publicaci\u00f3n cient\u00edfica cobra todav\u00eda mayor importancia. La llegada de las Redes Sociales Acad\u00e9micas (RSA) como <a href=\"https:\/\/www.researchgate.net\/\">ResearchGate<\/a>, <a href=\"https:\/\/www.ssrn.com\/index.cfm\/en\/\">Social Science Research Network (SSRN)<\/a>, <a href=\"https:\/\/www.academia.edu\/\">Academia<\/a>, los servicios de <a href=\"https:\/\/www.mendeley.com\/\">Mendeley<\/a>, conjuntamente con la creaci\u00f3n de perfiles acad\u00e9micos a trav\u00e9s de <a href=\"https:\/\/scholar.google.com\/intl\/es\/scholar\/citations.html\">Google Scholar<\/a>, en el contexto de los movimientos por el Acceso Abierto y la Ciencia Abierta, facilitan enormemente la tarea de divulgaci\u00f3n de la ciencia. Las m\u00e9tricas alternativas (Altmetrics) surgen con la creaci\u00f3n de las Redes Sociales Acad\u00e9micas (RSA) y los perfiles de investigadores en dichas redes, a partir del 2004. A pesar de la discusi\u00f3n en torno a este tipo de indicadores, ya est\u00e1n consider\u00e1ndose en el \u00e1mbito acad\u00e9mico. El estudio que se propone es exploratorio y tiene como prop\u00f3sito analizar el aprovechamiento de la web social de la ciencia por los investigadores del Recinto de R\u00edo Piedras de la Universidad de Puerto Rico. Como fuentes de datos se utilizan los perfiles de los investigadores disponibles p\u00fablicamente en Google Scholar, ResearchGate, Academia y <a href=\"https:\/\/publons.com\/about\/home\/\">Publons<\/a>.\u00a0 Para el an\u00e1lisis se utilizan algunas m\u00e9tricas alternativas y m\u00e9tricas tradicionales, disponibles a trav\u00e9s de las RSA estudiadas. \u00a0La muestra seleccionada es de profesores a tiempo completo y con permanencia de todas las facultades del Recinto. Los resultados finales de esta investigaci\u00f3n se presentar\u00e1n a la comunidad acad\u00e9mica y se enviar\u00e1n como contribuci\u00f3n a una revista especializada.<\/p>\n<p>Investigadora: Snejanka Penkova, Ph. D.<br \/>\nCorreo: <a href=\"mailto:snejanka.penkova@upr.edu\">snejanka.penkova@upr.edu<br \/>\n<\/a>ORCID:\u00a0 <a href=\"https:\/\/orcid.org\/0000-0002-5707-8111\">0000-0002-5707-8111<\/a><\/p>\n<p><script id=\"infogram_0_502fc85f-e933-4576-8640-7a622890a7b8\" title=\"Uso de la web social de la ciencia: UPR R\u00edo Piedras\" src=\"https:\/\/e.infogram.com\/js\/dist\/embed.js?e0o\" type=\"text\/javascript\"><\/script><\/p>\n<div style=\"padding: 8px 0; font-family: Arial!important; font-size: 13px!important; line-height: 15px!important; text-align: center; border-top: 1px solid #dadada; margin: 0 30px;\"><a style=\"color: #989898!important; text-decoration: none!important;\" href=\"https:\/\/infogram.com\/502fc85f-e933-4576-8640-7a622890a7b8\" target=\"_blank\" rel=\"noopener\">Uso de la web social de la ciencia: UPR R\u00edo Piedras<\/a><br \/>\n<a style=\"color: #989898!important; text-decoration: none!important;\" href=\"https:\/\/infogram.com\" target=\"_blank\" rel=\"nofollow noopener\">Infogram<\/a><\/div>\n","protected":false},"excerpt":{"rendered":"<p>Nota: esta secci\u00f3n est\u00e1 en desarrollo. Los datos no deben ser utilizados ni citados. El Decanato de Estudios Graduados e Investigaci\u00f3n (DEGI), de la UPR Recinto de R\u00edo Piedras, aprob\u00f3 el proyecto titulado: El uso de la web social de la ciencia por los investigadores de la Universidad de Puerto Rico, Recinto de R\u00edo Piedras,<\/p>\n<div class=\"read-more\"><a href=\"https:\/\/umaipur.uprrp.edu\/index.php\/complementarios-altmetrics\/\" title=\"Read More\">Read More<\/a><\/div>\n","protected":false},"author":3,"featured_media":0,"parent":0,"menu_order":0,"comment_status":"closed","ping_status":"closed","template":"","meta":{"footnotes":""},"class_list":["post-1888","page","type-page","status-publish"],"_links":{"self":[{"href":"https:\/\/umaipur.uprrp.edu\/index.php\/wp-json\/wp\/v2\/pages\/1888","targetHints":{"allow":["GET"]}}],"collection":[{"href":"https:\/\/umaipur.uprrp.edu\/index.php\/wp-json\/wp\/v2\/pages"}],"about":[{"href":"https:\/\/umaipur.uprrp.edu\/index.php\/wp-json\/wp\/v2\/types\/page"}],"author":[{"embeddable":true,"href":"https:\/\/umaipur.uprrp.edu\/index.php\/wp-json\/wp\/v2\/users\/3"}],"replies":[{"embeddable":true,"href":"https:\/\/umaipur.uprrp.edu\/index.php\/wp-json\/wp\/v2\/comments?post=1888"}],"version-history":[{"count":2,"href":"https:\/\/umaipur.uprrp.edu\/index.php\/wp-json\/wp\/v2\/pages\/1888\/revisions"}],"predecessor-version":[{"id":1897,"href":"https:\/\/umaipur.uprrp.edu\/index.php\/wp-json\/wp\/v2\/pages\/1888\/revisions\/1897"}],"wp:attachment":[{"href":"https:\/\/umaipur.uprrp.edu\/index.php\/wp-json\/wp\/v2\/media?parent=1888"}],"curies":[{"name":"wp","href":"https:\/\/api.w.org\/{rel}","templated":true}]}}