{"id":1883,"date":"2023-04-27T14:46:37","date_gmt":"2023-04-27T18:46:37","guid":{"rendered":"http:\/\/umaipur.uprrp.edu\/?page_id=1883"},"modified":"2023-04-27T15:02:07","modified_gmt":"2023-04-27T19:02:07","slug":"indicadores-bibliometricos","status":"publish","type":"page","link":"https:\/\/umaipur.uprrp.edu\/index.php\/indicadores-bibliometricos\/","title":{"rendered":"Bibliom\u00e9tricos"},"content":{"rendered":"<p style=\"text-align: justify;\">[<a href=\"https:\/\/umaipur.uprrp.edu\/wp-content\/uploads\/2017\/02\/UMAIPURSummary_Revised.pdf\">English version<\/a>]<\/p>\n<p><strong>Proyecto UMAIPUR (2013-2019)<\/strong><\/p>\n<p style=\"text-align: justify;\"><a href=\"https:\/\/umaipur.uprrp.edu\/wp-content\/uploads\/2019\/10\/lista_datos_indicadores.pdf\">Lista de datos disponibles para el c\u00e1lculo de indicadores de investigaci\u00f3n cient\u00edfica en Puerto Rico<\/a><\/p>\n<h5 style=\"text-align: justify;\">Introducci\u00f3n<\/h5>\n<p style=\"text-align: justify;\">La Unidad de Monitoreo y An\u00e1lisis de la Investigaci\u00f3n Cient\u00edfica en Puerto Rico (UMAIPUR) tiene como objetivo principal estudiar la investigaci\u00f3n cient\u00edfica en la isla, particularmente la que es resultado de la investigaci\u00f3n y la labor creativa que se lleva a cabo la Universidad de Puerto Rico (UPR), por ser esta la mayor instituci\u00f3n p\u00fablica de educaci\u00f3n superior enfocada en la investigaci\u00f3n, cuyos resultados constituyen un recurso potencial para ayudar decisivamente al pa\u00eds, m\u00e1s a\u00fan en tiempos de profunda incertidumbre econ\u00f3mica.<\/p>\n<p style=\"text-align: justify;\">En el estudio se utilizan un conjunto de indicadores bibliom\u00e9tricos para describir y analizar la investigaci\u00f3n en cuatro dimensiones: I. Producci\u00f3n, II.Colaboraci\u00f3n, III. Visibilidad e Impacto y IV. \u00c1reas de investigaci\u00f3n. Un primer acercamiento se ha hecho utilizando como fuentes los \u00edndices de citas (<em>core collection<\/em>) del Web of Science\u2122 (WoS) y se enfoca en las disciplinas de ciencias puras, experimentales y tecnol\u00f3gicas, por las caracter\u00edsticas de la investigaci\u00f3n que se lleva a cabo en las mismas y la mayor representatividad que tienen en estas fuentes.<\/p>\n<p style=\"text-align: justify;\">La base de datos creada, a partir de los registros descargados de WoS, ha sido objeto de un proceso riguroso y continuado de normalizaci\u00f3n para lograr una mejor identificaci\u00f3n de las instituciones, particularmente la UPR y sus cinco unidades m\u00e1s productivas (consideradas as\u00ed las que aportan un 1% o m\u00e1s a la producci\u00f3n total de la UPR, recogida en las fuentes utilizadas). Para el an\u00e1lisis de las \u00e1reas y disciplinas cient\u00edficas se utiliza la clasificaci\u00f3n tem\u00e1tica del Journal Citation Reports\u00ae. Los resultados muestran un crecimiento sostenido de la producci\u00f3n cient\u00edfica de la UPR durante todo el per\u00edodo, con notables aumentos en la colaboraci\u00f3n internacional, el tama\u00f1o de los grupos de investigaci\u00f3n y la publicaci\u00f3n en revistas de alta visibilidad e impacto. Se han identificado las diez disciplinas con mayor actividad publicadora en el per\u00edodo y se ha analizado su evoluci\u00f3n, atendiendo a los indicadores de productividad, colaboraci\u00f3n internacional e impacto. Estos resultados se presentaron en el marco del esfuerzo que llevaba a cabo la unidad denominada en su momento como Vicepresidencia de Investigaci\u00f3n y Tecnolog\u00eda de la UPR, organismo que financi\u00f3 este trabajo, para disponer de datos actualizados con regularidad sobre la producci\u00f3n cient\u00edfica en la instituci\u00f3n, \u00fatiles para el trabajo con la pol\u00edtica cient\u00edfica en la universidad y el desarrollo de nuevos proyectos. Desde su inicio, en agosto de 2013, UMAIPUR cont\u00f3 con la colaboraci\u00f3n del proyecto <a href=\"https:\/\/iune.es\/\">IUNE-UC3M (Universidad Carlos III de Madrid)<\/a>, que facilit\u00f3 todo el apoyo inform\u00e1tico para la creaci\u00f3n, mantenimiento y normalizaci\u00f3n de la base de datos en sus propios servidores. Los resultados de este trabajo fueron publicados en la <i>Revista Interamericana de Bibliotecolog\u00eda.<\/i><\/p>\n<p>Su\u00e1rez-Balseiro, C. A., Maura-Sard\u00f3, M., &amp; Holguino-Borda, J. C. (2020). An\u00e1lisis bibliom\u00e9trico de la actividad cient\u00edfica de la Universidad de Puerto Rico durante el periodo 2000-2015.\u00a0<i>Revista Interamericana de Bibliotecolog\u00eda<\/i>,\u00a0<i>43<\/i>(2). <a href=\"https:\/\/doi.org\/10.17533\/udea.rib.v43n2eI5\">https:\/\/doi.org\/10.17533\/udea.rib.v43n2eI5<\/a><\/p>\n<p><strong>Para leer los gr\u00e1ficos \/ To read the graphs<\/strong><\/p>\n<p>Tome en cuenta que al mover el cursor sobre los mismos podr\u00e1 ver los valores de los datos e indicadores calculados. Tambi\u00e9n puede ordenar los datos en las tablas, pulsando sobre los encabezados de las columnas. <em>Take into account that by moving the cursor over them you can see the values of the calculated data and indicators. You can also sort the data in the tables by clicking on the column headings.<\/em><\/p>\n<p><img loading=\"lazy\" decoding=\"async\" class=\"alignleft wp-image-197\" src=\"https:\/\/umaipur.uprrp.edu\/wp-content\/uploads\/2016\/11\/warning-28-xxl-150x150.png\" alt=\"Atenci\u00f3n\" width=\"29\" height=\"33\" \/>Los indicadores est\u00e1n siendo actualizados.<\/p>\n<style type=\"text\/css\">#wonderplugintabs-1 > .wonderplugintabs-header-wrap { \tbox-sizing: border-box; \tdisplay: block; \tposition: relative; \twidth: 100%;\t \tz-index: 1; \tmargin-top: -1px; }  #wonderplugintabs-1 > .wonderplugintabs-header-wrap .wonderplugintabs-header-inner-wrap { \tbox-sizing: border-box; \tdisplay: block; \toverflow: hidden;\t }  #wonderplugintabs-1 > .wonderplugintabs-header-wrap .wonderplugintabs-header-ul { \tbox-sizing: border-box; \tdisplay: block; \tposition: relative; \tlist-style: none; \twhite-space: nowrap; \tmargin: 0; \tpadding: 0; }  #wonderplugintabs-1 > .wonderplugintabs-header-wrap .wonderplugintabs-header-li { \tbox-sizing: border-box; \tdisplay: inline-block; \tposition: relative; \tmargin: 0 4px 0 0; \tpadding: 0px; \tbackground-color: #f6f6f6; \tborder: 1px solid #ccc; \tborder-top-left-radius: 4px; \tborder-top-right-radius: 4px; }  #wonderplugintabs-1 > .wonderplugintabs-header-wrap .wonderplugintabs-header-caption { \tcursor: pointer; \tpadding: 8px 12px; }  #wonderplugintabs-1 > .wonderplugintabs-header-wrap .wonderplugintabs-header-li-next { \tborder-left: 1px solid #ccc; }  #wonderplugintabs-1 > .wonderplugintabs-header-wrap .wonderplugintabs-header-li:hover { \tbackground-color: #fff; }  #wonderplugintabs-1 > .wonderplugintabs-header-wrap .wonderplugintabs-header-li-active { \tbackground-color: #fff; \tborder-bottom: 1px solid #fff; }  #wonderplugintabs-1 > .wonderplugintabs-header-wrap .wonderplugintabs-header-li-active-last { }  #wonderplugintabs-1 > .wonderplugintabs-header-wrap .wonderplugintabs-header-li-first { }  #wonderplugintabs-1 > .wonderplugintabs-header-wrap .wonderplugintabs-header-li-first-side-arrows { \tmargin-left: 4px; }  #wonderplugintabs-1 > .wonderplugintabs-header-wrap .wonderplugintabs-header-li-last { }  #wonderplugintabs-1 > .wonderplugintabs-header-wrap .wonderplugintabs-header-li-last-side-arrows { }  #wonderplugintabs-1 > .wonderplugintabs-header-wrap .wonderplugintabs-header-prev { \tdisplay: none; \ttext-align: center; \tposition: absolute; \ttop: 0; \tleft: 0; \tcursor: pointer; \tbackground-color: #f6f6f6; \tborder: 1px solid #ccc; \tborder-top-left-radius: 4px; }  #wonderplugintabs-1 > .wonderplugintabs-header-wrap .wonderplugintabs-header-prev:before {    position: relative;    top: 50%;    margin-top: -8px;    font-family: FontAwesome;    font-size: 16px;    display: block;    color: #666; }  #wonderplugintabs-1 > .wonderplugintabs-header-wrap .wonderplugintabs-header-prev:hover { \tbackground-color: #fff;\t }  #wonderplugintabs-1 > .wonderplugintabs-header-wrap .wonderplugintabs-header-next { \tdisplay: none; \ttext-align: center; \tposition: absolute; \ttop: 0; \tright: 0; \tcursor: pointer; \tbackground-color: #f6f6f6; \tborder: 1px solid #ccc; \tborder-top-right-radius: 4px; }  #wonderplugintabs-1 > .wonderplugintabs-header-wrap .wonderplugintabs-header-next:before {    position: relative;    top: 50%;    margin-top: -8px;    font-family: FontAwesome;    font-size: 16px;    display: block;    color: #666; }  #wonderplugintabs-1 > .wonderplugintabs-header-wrap .wonderplugintabs-header-next:hover { \tbackground-color: #fff;\t }  #wonderplugintabs-1 > .wonderplugintabs-header-wrap .wonderplugintabs-header-menu { \tbox-sizing: border-box; \tdisplay: none; \ttext-align: center; \tposition: absolute; \ttop: 0; \tright: 0; \tcursor: pointer; \tbackground-color: #f6f6f6; \tborder: 1px solid #ccc; \tborder-top-left-radius: 4px; \tborder-top-right-radius: 4px; \tpadding: 8px 12px; }  #wonderplugintabs-1 > .wonderplugintabs-header-wrap .wonderplugintabs-header-menu-caption { \tdisplay: table-cell; \tvertical-align: middle; }  #wonderplugintabs-1 > .wonderplugintabs-header-wrap .wonderplugintabs-header-menu-text { \tfont-family: \"Open Sans\", Arial, sans-serif; \tfont-size: 12px; \tfont-weight: 400; \tvertical-align: middle; \tcolor: #333; }  #wonderplugintabs-1 > .wonderplugintabs-header-wrap .wonderplugintabs-header-menu-icon { \tfont-family: FontAwesome; \tfont-size: 14px; \tvertical-align: middle; \tmargin: 8px; \tcolor: #666; }  #wonderplugintabs-1 > .wonderplugintabs-header-wrap .wonderplugintabs-header-menu:hover { \tbackground-color: #fff;\t }  #wonderplugintabs-1 > .wonderplugintabs-header-wrap .wonderplugintabs-header-menu-dropdown { \tdisplay: none; \tposition: absolute; \twhite-space: nowrap; \ttop: 100%; \tright: 0;\t \tborder-left: 1px solid #ccc; \tborder-right: 1px solid #ccc; \tborder-bottom: 1px solid #ccc; \tbox-shadow: 0 6px 12px rgba(0,0,0,.175); }  #wonderplugintabs-1 > .wonderplugintabs-header-wrap .wonderplugintabs-header-menu-dropdown-item { \tpadding: 12px 32px 12px 20px;\t \tcursor: pointer; \ttext-align: left; \tbackground-color: #fff; }  #wonderplugintabs-1 > .wonderplugintabs-header-wrap .wonderplugintabs-header-menu-dropdown-item:hover { \tbackground-color: #f9f9f9;\t }  #wonderplugintabs-1 > .wonderplugintabs-header-wrap .wonderplugintabs-header-icon-fontawesome { \tfont-family: FontAwesome; \tfont-size: 18px; \tvertical-align: middle; \tmargin: 8px; \tcolor: #666; }  #wonderplugintabs-1 > .wonderplugintabs-header-wrap .wonderplugintabs-header-icon-image { \tmargin: 4px; \tvertical-align: middle; }  #wonderplugintabs-1 > .wonderplugintabs-header-wrap .wonderplugintabs-header-title { \tdisplay: inline-block; \tmargin: 4px; \tfont-family: \"Open Sans\", Arial, sans-serif; \tfont-size: 12px; \tfont-weight: 400; \tvertical-align: middle; \tcolor: #333; }  #wonderplugintabs-1 > .wonderplugintabs-header-wrap .wonderplugintabs-header-li-fullwidth { \tdisplay: block; \tmargin: 0; \tborder-bottom: none; \ttext-align: left; }  #wonderplugintabs-1 > .wonderplugintabs-header-wrap .wonderplugintabs-header-li-fullwidth:last-child { \tborder-bottom: 1px solid #ccc; }  #wonderplugintabs-1 > .wonderplugintabs-panel-wrap { \tbox-sizing: border-box; \tposition: relative; \tdisplay: block; \twidth: 100%; \toverflow: hidden; \tborder: 1px solid #ccc; \tbackground-color: #fff;\t \tmargin-top: -1px; }  #wonderplugintabs-1 > .wonderplugintabs-panel-wrap > .wonderplugintabs-panel { \tbox-sizing: border-box; \tdisplay: block; \tvisibility: hidden; \tposition: absolute; \ttop: 0; \tleft: 0; \twidth: 100%; \ttext-align: left; \tpadding: 24px; }  #wonderplugintabs-1 > .wonderplugintabs-panel-wrap > .wonderplugintabs-panel-active { \tposition: relative; }  #wonderplugintabs-1 > .wonderplugintabs-header-wrap .wonderplugintabs-header-ul-fullwidth { \twhite-space: normal; }  #wonderplugintabs-1 > .wonderplugintabs-header-wrap .wonderplugintabs-header-li-fullwidth { \tborder-radius: 0; }  #wonderplugintabs-1 > .wonderplugintabs-header-wrap  .wonderplugintabs-panel { \tpadding: 24px; \ttext-align: left; }  #wonderplugintabs-1 > .wonderplugintabs-header-wrap  .wonderplugintabs-panel-active { \tposition: relative; }  #wonderplugintabs-1 > .wonderplugintabs-header-wrap .wonderplugintabs-header-li-fullwidth .wonderplugintabs-header-caption:after { \tposition:absolute; \tcolor:#333; \ttop: 12px; \tright:8px; \tcontent: \"\\f107\"; \tfont-family: FontAwesome; \tfont-size: 16px; \tfont-weight:400; }  #wonderplugintabs-1 > .wonderplugintabs-header-wrap .wonderplugintabs-header-li-fullwidth.wonderplugintabs-header-li-active .wonderplugintabs-header-caption:after { \tcontent: \"\\f106\"; }<\/style><div id=\"wonderplugintabs-container-1\" style=\"max-width:1080px;margin:0 auto;\"><div style=\"display:none;\" class=\"wonderplugintabs\" id=\"wonderplugintabs-1\" data-tabsid=\"1\" data-width=\"1080\" data-height=\"400\" data-skin=\"horizontaltoptabs\" data-enabletabindex=\"false\" data-keyaccess=\"false\" data-fullwidthtabs=\"false\" data-accordion=\"false\" data-accordionmultiple=\"false\" data-accordioncloseall=\"false\" data-savestatusincookie=\"false\" data-extendedheight=\"false\" data-responsive=\"true\" data-fullwidth=\"false\" data-applydisplaynonetohiddenpanel=\"true\" data-triggerresize=\"true\" data-triggerresizeonload=\"true\" data-disablewpautop=\"false\" data-hidetitleonsmallscreen=\"false\" data-donotinit=\"false\" data-addinitscript=\"false\" data-fullwidthtabsonsmallscreen=\"true\" data-accordiononsmallscreen=\"true\" data-heightmode=\"auto\" data-minheight=\"300\" data-firstid=\"0\" data-direction=\"horizontal\" data-tabposition=\"top\" data-tabiconposition=\"left\" data-horizontaltabalign=\"left\" data-hidetitleonsmallscreenwidth=\"768\" data-transition=\"\" data-responsivemode=\"menu\" data-tabarrowmode=\"slide\" data-horizontalarrowwidthsameasheight=\"pixels\" data-horizontalarrowwidth=\"32\" data-arrowprevicon=\"fa-angle-left\" data-arrownexticon=\"fa-angle-right\" data-dropdownmenutext=\"More\" data-dropdownmenuicon=\"fa-angle-down\" data-triggerresizetimeout=\"10\" data-triggerresizeonloadtimeout=\"100\" data-fullwidthtabsonsmallscreenwidth=\"480\" data-jsfolder=\"https:\/\/umaipur.uprrp.edu\/wp-content\/plugins\/wonderplugin-tabs\/engine\/\" data-skinsfoldername=\"skins\" ><div class=\"wonderplugintabs-header-wrap\"><div class=\"wonderplugintabs-header-inner-wrap\"><ul class=\"wonderplugintabs-header-ul\"><li class=\"wonderplugintabs-header-li wonderplugintabs-header-li-first\"><div class=\"wonderplugintabs-header-caption\"><span class=\"wonderplugintabs-header-icon-fontawesome fa-area-chart\"><\/span><div class=\"wonderplugintabs-header-title\">Producci\u00f3n<\/div><\/div><\/li><li class=\"wonderplugintabs-header-li\"><div class=\"wonderplugintabs-header-caption\"><span class=\"wonderplugintabs-header-icon-fontawesome fa-folder-open\"><\/span><div class=\"wonderplugintabs-header-title\">Visibilidad<\/div><\/div><\/li><li class=\"wonderplugintabs-header-li wonderplugintabs-header-li-last\"><div class=\"wonderplugintabs-header-caption\"><span class=\"wonderplugintabs-header-icon-fontawesome fa-share-alt-square\"><\/span><div class=\"wonderplugintabs-header-title\">Tem\u00e1ticas<\/div><\/div><\/li><\/ul><\/div><\/div><div class=\"wonderplugintabs-panel-wrap\" style=\"min-height:300px;\"><div class=\"wonderplugintabs-panel wonderplugintabs-panel-first\"><div class=\"wonderplugintabs-panel-inner\"><p><strong>Nota<\/strong>: En proceso de actualizaci\u00f3n<span style=\"color: #ff0000;\">.<\/span><\/p><hr \/><p>\u00a0<\/p><\/div><\/div><div class=\"wonderplugintabs-panel\"><div class=\"wonderplugintabs-panel-inner\"><p><strong>Nota<\/strong>: En proceso de actualizaci\u00f3n<span style=\"color: #ff0000;\">.<\/span><\/p><hr \/><p>\u00a0<\/p><\/div><\/div><div class=\"wonderplugintabs-panel wonderplugintabs-panel-last\"><div class=\"wonderplugintabs-panel-inner\"><p><strong>Nota<\/strong>: En proceso de actualizaci\u00f3n<span style=\"color: #ff0000;\">.<\/span><\/p><hr \/><p>\u00a0<\/p><\/div><\/div><\/div><div class=\"wonderplugin-engine\"><a href=\"http:\/\/www.wonderplugin.com\/wordpress-tabs\/\" title=\"Responsive WordPress Tabs\">Responsive WordPress Tabs<\/a><\/div><\/div><\/div>","protected":false},"excerpt":{"rendered":"<p>[English version] Proyecto UMAIPUR (2013-2019) Lista de datos disponibles para el c\u00e1lculo de indicadores de investigaci\u00f3n cient\u00edfica en Puerto Rico Introducci\u00f3n La Unidad de Monitoreo y An\u00e1lisis de la Investigaci\u00f3n Cient\u00edfica en Puerto Rico (UMAIPUR) tiene como objetivo principal estudiar la investigaci\u00f3n cient\u00edfica en la isla, particularmente la que es resultado de la investigaci\u00f3n y<\/p>\n<div class=\"read-more\"><a href=\"https:\/\/umaipur.uprrp.edu\/index.php\/indicadores-bibliometricos\/\" title=\"Read More\">Read More<\/a><\/div>\n","protected":false},"author":3,"featured_media":0,"parent":0,"menu_order":0,"comment_status":"closed","ping_status":"closed","template":"","meta":{"footnotes":""},"class_list":["post-1883","page","type-page","status-publish"],"_links":{"self":[{"href":"https:\/\/umaipur.uprrp.edu\/index.php\/wp-json\/wp\/v2\/pages\/1883","targetHints":{"allow":["GET"]}}],"collection":[{"href":"https:\/\/umaipur.uprrp.edu\/index.php\/wp-json\/wp\/v2\/pages"}],"about":[{"href":"https:\/\/umaipur.uprrp.edu\/index.php\/wp-json\/wp\/v2\/types\/page"}],"author":[{"embeddable":true,"href":"https:\/\/umaipur.uprrp.edu\/index.php\/wp-json\/wp\/v2\/users\/3"}],"replies":[{"embeddable":true,"href":"https:\/\/umaipur.uprrp.edu\/index.php\/wp-json\/wp\/v2\/comments?post=1883"}],"version-history":[{"count":5,"href":"https:\/\/umaipur.uprrp.edu\/index.php\/wp-json\/wp\/v2\/pages\/1883\/revisions"}],"predecessor-version":[{"id":1895,"href":"https:\/\/umaipur.uprrp.edu\/index.php\/wp-json\/wp\/v2\/pages\/1883\/revisions\/1895"}],"wp:attachment":[{"href":"https:\/\/umaipur.uprrp.edu\/index.php\/wp-json\/wp\/v2\/media?parent=1883"}],"curies":[{"name":"wp","href":"https:\/\/api.w.org\/{rel}","templated":true}]}}