{"id":141,"date":"2016-11-09T22:20:31","date_gmt":"2016-11-10T02:20:31","guid":{"rendered":"http:\/\/umaipur.uprrp.edu\/wp\/?page_id=141"},"modified":"2022-05-31T10:41:11","modified_gmt":"2022-05-31T14:41:11","slug":"plan-de-trabajo","status":"publish","type":"page","link":"https:\/\/umaipur.uprrp.edu\/index.php\/plan-de-trabajo\/","title":{"rendered":"Plan de trabajo (2022-2023)"},"content":{"rendered":"<ol>\n<li data-leveltext=\"%1.\" data-font=\"Calibri\" data-listid=\"1\" aria-setsize=\"-1\" data-aria-posinset=\"1\" data-aria-level=\"1\"><span data-contrast=\"none\">Actualizar\u00a0los datos\u00a0hasta 2022 y\u00a0calcular\u00a0nuevamente\u00a0los\u00a0indicadores\u00a0para Puerto Rico, la UPR y las\u00a0universidades\u00a0privadas.<\/span><\/li>\n<li data-leveltext=\"%1.\" data-font=\"Calibri\" data-listid=\"1\" aria-setsize=\"-1\" data-aria-posinset=\"1\" data-aria-level=\"1\">Revisar y actualizar el Portal de Revistas Acad\u00e9micas de la UPR<\/li>\n<li data-leveltext=\"%1.\" data-font=\"Calibri\" data-listid=\"1\" aria-setsize=\"-1\" data-aria-posinset=\"1\" data-aria-level=\"1\">Contribuir a la investigaci\u00f3n:\u00a0<em>Descubriendo la Ciencia Abierta en el Caribe: estudio bibliom\u00e9trico sobre su situaci\u00f3n actual y perspectivas futuras<\/em>, en colaboraci\u00f3n con la\u00a0Dra. Cl\u00e1udia Daniele de Souza (PI), profesora de la Facultad de Comunicaci\u00f3n e Informaci\u00f3n del Recinto de R\u00edo Piedras.<\/li>\n<li style=\"font-size: 14px;\" data-leveltext=\"%1.\" data-font=\"Calibri\" data-listid=\"1\" aria-setsize=\"-1\" data-aria-posinset=\"1\" data-aria-level=\"1\"><span data-contrast=\"none\">Concluir la investigaci\u00f3n en curso:\u00a0<\/span><i><span data-contrast=\"none\">El uso de la web social de la ciencia por los investigadores de la Universidad de Puerto Rico, Recinto de R\u00edo Piedras<\/span><\/i><span data-contrast=\"none\">, como parte de su\u00a0<\/span><a href=\"http:\/\/graduados.uprrp.edu\/index.php?option=com_content&amp;view=article&amp;id=362:convocatoria-para-academicos-residentes-en-centros-o-unidades-de-investigacion-2&amp;catid=39&amp;Itemid=557&amp;lang=es\"><span data-contrast=\"none\">Programa de Acad\u00e9micos Residentes<\/span><\/a><span data-contrast=\"none\">, en colaboraci\u00f3n con la doctora\u00a0Snejanka\u00a0Penkova (PI), bibliotecaria docente de la\u00a0<\/span><a href=\"https:\/\/baeuprrp.com\/\"><span data-contrast=\"none\">Biblioteca de la Facultad de Administraci\u00f3n de Empresas<\/span><\/a><span data-contrast=\"none\">\u00a0del Recinto de R\u00edo Piedras.<\/span><span data-ccp-props=\"{&quot;134233279&quot;:true,&quot;201341983&quot;:0,&quot;335551550&quot;:6,&quot;335551620&quot;:6,&quot;335559685&quot;:720,&quot;335559737&quot;:0,&quot;335559739&quot;:160,&quot;335559740&quot;:259,&quot;335559991&quot;:360}\">\u00a0<\/span><\/li>\n<li data-leveltext=\"%1.\" data-font=\"Calibri\" data-listid=\"1\" aria-setsize=\"-1\" data-aria-posinset=\"1\" data-aria-level=\"1\"><span data-contrast=\"none\">Concluir la investigaci\u00f3n en curso:\u00a0<\/span><i><span data-contrast=\"none\">Bibliotecolog\u00eda y Ciencias de la Informaci\u00f3n en Puerto Rico: un estudio exploratorio de la producci\u00f3n cient\u00edfica en el periodo 1961-2019<\/span><\/i><span data-contrast=\"none\">,\u00a0en colaboraci\u00f3n con la doctora\u00a0Snejanka\u00a0Penkova (PI), bibliotecaria docente de la\u00a0<\/span><a href=\"https:\/\/baeuprrp.com\/\"><span data-contrast=\"none\">Biblioteca de la Facultad de Administraci\u00f3n de Empresas<\/span><\/a><span data-contrast=\"none\">\u00a0del Recinto de R\u00edo Piedras, y enviar los resultados en forma de art\u00edculo a una revista especializada (<em>Investigaci\u00f3n Bibliotecol\u00f3gica: archivonom\u00eda, bibliotecolog\u00eda e informaci\u00f3n\u00a0\u00a0ISSN 2448-8321)<\/em><\/span><\/li>\n<li data-leveltext=\"%1.\" data-font=\"Calibri\" data-listid=\"1\" aria-setsize=\"-1\" data-aria-posinset=\"1\" data-aria-level=\"1\">Iniciar un estudio sobre las caracter\u00edsticas de la colaboraci\u00f3n cient\u00edfica entre pa\u00edses de la Cuenca del Caribe (2000-2020)<\/li>\n<\/ol>\n","protected":false},"excerpt":{"rendered":"<p>Actualizar\u00a0los datos\u00a0hasta 2022 y\u00a0calcular\u00a0nuevamente\u00a0los\u00a0indicadores\u00a0para Puerto Rico, la UPR y las\u00a0universidades\u00a0privadas. Revisar y actualizar el Portal de Revistas Acad\u00e9micas de la UPR Contribuir a la investigaci\u00f3n:\u00a0Descubriendo la Ciencia Abierta en el Caribe: estudio bibliom\u00e9trico sobre su situaci\u00f3n actual y perspectivas futuras, en colaboraci\u00f3n con la\u00a0Dra. Cl\u00e1udia Daniele de Souza (PI), profesora de la Facultad de Comunicaci\u00f3n<\/p>\n<div class=\"read-more\"><a href=\"https:\/\/umaipur.uprrp.edu\/index.php\/plan-de-trabajo\/\" title=\"Read More\">Read More<\/a><\/div>\n","protected":false},"author":3,"featured_media":0,"parent":0,"menu_order":0,"comment_status":"closed","ping_status":"closed","template":"","meta":{"footnotes":""},"class_list":["post-141","page","type-page","status-publish"],"_links":{"self":[{"href":"https:\/\/umaipur.uprrp.edu\/index.php\/wp-json\/wp\/v2\/pages\/141","targetHints":{"allow":["GET"]}}],"collection":[{"href":"https:\/\/umaipur.uprrp.edu\/index.php\/wp-json\/wp\/v2\/pages"}],"about":[{"href":"https:\/\/umaipur.uprrp.edu\/index.php\/wp-json\/wp\/v2\/types\/page"}],"author":[{"embeddable":true,"href":"https:\/\/umaipur.uprrp.edu\/index.php\/wp-json\/wp\/v2\/users\/3"}],"replies":[{"embeddable":true,"href":"https:\/\/umaipur.uprrp.edu\/index.php\/wp-json\/wp\/v2\/comments?post=141"}],"version-history":[{"count":13,"href":"https:\/\/umaipur.uprrp.edu\/index.php\/wp-json\/wp\/v2\/pages\/141\/revisions"}],"predecessor-version":[{"id":1818,"href":"https:\/\/umaipur.uprrp.edu\/index.php\/wp-json\/wp\/v2\/pages\/141\/revisions\/1818"}],"wp:attachment":[{"href":"https:\/\/umaipur.uprrp.edu\/index.php\/wp-json\/wp\/v2\/media?parent=141"}],"curies":[{"name":"wp","href":"https:\/\/api.w.org\/{rel}","templated":true}]}}